{"id":1007,"date":"2018-06-21T07:01:50","date_gmt":"2018-06-21T07:01:50","guid":{"rendered":"http:\/\/impression.playground.impression.nl\/?page_id=1007"},"modified":"2025-06-04T11:24:52","modified_gmt":"2025-06-04T09:24:52","slug":"domanennamen","status":"publish","type":"page","link":"https:\/\/impression.nl\/de\/domeinnamen\/","title":{"rendered":"Domain-Namen"},"content":{"rendered":"<div data-elementor-type=\"wp-post\" data-elementor-id=\"1007\" class=\"elementor elementor-1007\" data-elementor-post-type=\"page\">\n\t\t\t\t<div class=\"elementor-element elementor-element-aa29e43 section-xxl e-flex e-con-boxed e-con e-parent\" data-id=\"aa29e43\" data-element_type=\"container\" data-e-type=\"container\">\n\t\t\t\t\t<div class=\"e-con-inner\">\n\t\t<div class=\"elementor-element elementor-element-bc127db e-con-full e-flex e-con e-child\" data-id=\"bc127db\" data-element_type=\"container\" data-e-type=\"container\">\n\t\t\t\t<div class=\"elementor-element elementor-element-33f0e04 elementor-widget elementor-widget-heading\" data-id=\"33f0e04\" data-element_type=\"widget\" data-e-type=\"widget\" data-widget_type=\"heading.default\">\n\t\t\t\t<div class=\"elementor-widget-container\">\n\t\t\t\t\t<h1 class=\"elementor-heading-title elementor-size-default\">Warum sollten Sie Ihren Dom\u00e4nennamen bei uns registrieren?\n<\/h1>\t\t\t\t<\/div>\n\t\t\t\t<\/div>\n\t\t\t\t<div class=\"elementor-element elementor-element-66dc43d elementor-widget elementor-widget-text-editor\" data-id=\"66dc43d\" data-element_type=\"widget\" data-e-type=\"widget\" data-widget_type=\"text-editor.default\">\n\t\t\t\t<div class=\"elementor-widget-container\">\n\t\t\t\t\t\t\t\t\t<p data-start=\"290\" data-end=\"615\">Ein starker Dom\u00e4nenname ist mehr als eine Adresse im Internet; er ist oft der erste Eindruck Ihrer Marke und die Grundlage f\u00fcr Ihren Online-Erfolg. W\u00e4hlen Sie also nicht irgendeinen Namen, und schon gar nicht irgendeine Partei. Lassen Sie uns gemeinsam mit Ihnen nachdenken, und gemeinsam werden wir einen Dom\u00e4nennamen schaffen, der nicht nur gut klingt, sondern auch wirklich funktioniert.<\/p><p data-start=\"290\" data-end=\"615\">Mit uns registrieren Sie also nicht nur einen Domainnamen, sondern legen den Grundstein f\u00fcr eine zukunftssichere Website. Wir glauben, dass der richtige Name nicht nur erkennbar sein sollte, sondern auch strategisch zu Ihrem Online-Erfolg beitragen sollte.<\/p>\t\t\t\t\t\t\t\t<\/div>\n\t\t\t\t<\/div>\n\t\t\t\t<div class=\"elementor-element elementor-element-b7b52fc elementor-widget elementor-widget-heading\" data-id=\"b7b52fc\" data-element_type=\"widget\" data-e-type=\"widget\" data-widget_type=\"heading.default\">\n\t\t\t\t<div class=\"elementor-widget-container\">\n\t\t\t\t\t<h2 class=\"elementor-heading-title elementor-size-default\">Pers\u00f6nliche Beratung f\u00fcr den perfekten Domainnamen<\/h2>\t\t\t\t<\/div>\n\t\t\t\t<\/div>\n\t\t\t\t<div class=\"elementor-element elementor-element-2b6d3df elementor-widget elementor-widget-text-editor\" data-id=\"2b6d3df\" data-element_type=\"widget\" data-e-type=\"widget\" data-widget_type=\"text-editor.default\">\n\t\t\t\t<div class=\"elementor-widget-container\">\n\t\t\t\t\t\t\t\t\t<p data-start=\"702\" data-end=\"1071\">Jedes Unternehmen ist einzigartig, und das gilt auch f\u00fcr Ihren Domainnamen. Wir denken aktiv mit Ihnen mit und suchen gemeinsam nach einem starken, einpr\u00e4gsamen und auffindbaren Namen, der perfekt zu Ihrer Marke, Ihrer Zielgruppe und Ihren Ambitionen passt. Keine automatischen Vorschl\u00e4ge, sondern intelligente, ma\u00dfgeschneiderte Entscheidungen. Haben Sie bereits einen Domainnamen im Kopf? Vielleicht k\u00f6nnen wir Sie dabei noch unterst\u00fctzen.<\/p>\t\t\t\t\t\t\t\t<\/div>\n\t\t\t\t<\/div>\n\t\t\t\t<div class=\"elementor-element elementor-element-4535b1b elementor-widget elementor-widget-heading\" data-id=\"4535b1b\" data-element_type=\"widget\" data-e-type=\"widget\" data-widget_type=\"heading.default\">\n\t\t\t\t<div class=\"elementor-widget-container\">\n\t\t\t\t\t<h2 class=\"elementor-heading-title elementor-size-default\">Alles unter einem Dach, schneller online<\/h2>\t\t\t\t<\/div>\n\t\t\t\t<\/div>\n\t\t\t\t<div class=\"elementor-element elementor-element-df75c76 elementor-widget elementor-widget-text-editor\" data-id=\"df75c76\" data-element_type=\"widget\" data-e-type=\"widget\" data-widget_type=\"text-editor.default\">\n\t\t\t\t<div class=\"elementor-widget-container\">\n\t\t\t\t\t\t\t\t\t<p data-start=\"846\" data-end=\"1197\">Da wir nicht nur Domainnamen registrieren, sondern auch Websites erstellen, profitieren Sie von einer nahtlosen Integration. Kein \u00c4rger mit externen Parteien, DNS-Einstellungen oder technischen Umwegen; wir k\u00fcmmern uns um alles f\u00fcr Sie. Eine Anlaufstelle, eine Rechnung, volle Kontrolle.<\/p><p data-start=\"846\" data-end=\"1197\">Wenn wir sowohl Ihre Website erstellen als auch Ihren Dom\u00e4nennamen verwalten, k\u00f6nnen wir blitzschnell handeln. Keine Verz\u00f6gerungen durch Zwischenh\u00e4ndler. Sie m\u00fcssen sich nicht um Einstellungen oder Links k\u00fcmmern, wir sorgen daf\u00fcr, dass alles vom ersten Tag an funktioniert.<\/p>\t\t\t\t\t\t\t\t<\/div>\n\t\t\t\t<\/div>\n\t\t\t\t<div class=\"elementor-element elementor-element-3935634 elementor-widget elementor-widget-heading\" data-id=\"3935634\" data-element_type=\"widget\" data-e-type=\"widget\" data-widget_type=\"heading.default\">\n\t\t\t\t<div class=\"elementor-widget-container\">\n\t\t\t\t\t<h2 class=\"elementor-heading-title elementor-size-default\">Zuverl\u00e4ssiger Service und Support<\/h2>\t\t\t\t<\/div>\n\t\t\t\t<\/div>\n\t\t\t\t<div class=\"elementor-element elementor-element-49aedd5 elementor-widget elementor-widget-text-editor\" data-id=\"49aedd5\" data-element_type=\"widget\" data-e-type=\"widget\" data-widget_type=\"text-editor.default\">\n\t\t\t\t<div class=\"elementor-widget-container\">\n\t\t\t\t\t\t\t\t\t<p data-start=\"846\" data-end=\"1197\">Keine anonymen Helpdesks oder Dropdown-Men\u00fcs. Bei uns erhalten Sie pers\u00f6nliche Unterst\u00fctzung von Menschen, die Ihr Projekt und Ihr Gesch\u00e4ft kennen. Schnell, klar und immer auf eine L\u00f6sung ausgerichtet.<\/p>\t\t\t\t\t\t\t\t<\/div>\n\t\t\t\t<\/div>\n\t\t\t\t<div class=\"elementor-element elementor-element-3f1f9e9 elementor-widget elementor-widget-heading\" data-id=\"3f1f9e9\" data-element_type=\"widget\" data-e-type=\"widget\" data-widget_type=\"heading.default\">\n\t\t\t\t<div class=\"elementor-widget-container\">\n\t\t\t\t\t<h2 class=\"elementor-heading-title elementor-size-default\">Sicherheit und Kontinuit\u00e4t<\/h2>\t\t\t\t<\/div>\n\t\t\t\t<\/div>\n\t\t\t\t<div class=\"elementor-element elementor-element-67097c2 elementor-widget elementor-widget-text-editor\" data-id=\"67097c2\" data-element_type=\"widget\" data-e-type=\"widget\" data-widget_type=\"text-editor.default\">\n\t\t\t\t<div class=\"elementor-widget-container\">\n\t\t\t\t\t\t\t\t\t<p data-start=\"846\" data-end=\"1197\">Wir k\u00fcmmern uns um Verl\u00e4ngerungen, Backups und Sicherheit f\u00fcr Ihre Domain. So wird verhindert, dass Ihr Domain-Name versehentlich abl\u00e4uft oder missbraucht werden kann. Ihre Online-Identit\u00e4t ist bei uns in sicheren H\u00e4nden.<\/p>\t\t\t\t\t\t\t\t<\/div>\n\t\t\t\t<\/div>\n\t\t\t\t<\/div>\n\t\t<div class=\"elementor-element elementor-element-204d96f e-con-full e-flex e-con e-child\" data-id=\"204d96f\" data-element_type=\"container\" data-e-type=\"container\">\n\t\t\t\t<div class=\"elementor-element elementor-element-d7e1392 elementor-widget elementor-widget-template\" data-id=\"d7e1392\" data-element_type=\"widget\" data-e-type=\"widget\" data-widget_type=\"template.default\">\n\t\t\t\t<div class=\"elementor-widget-container\">\n\t\t\t\t\t\t\t<div class=\"elementor-template\">\n\t\t\t\t\t<div data-elementor-type=\"container\" data-elementor-id=\"32755\" class=\"elementor elementor-32755\" data-elementor-post-type=\"elementor_library\">\n\t\t\t\t<div class=\"elementor-element elementor-element-5c40c2d1 e-con-full e-flex e-con e-child\" data-id=\"5c40c2d1\" data-element_type=\"container\" data-e-type=\"container\">\n\t\t<div class=\"elementor-element elementor-element-37fcb98 e-flex e-con-boxed e-con e-child\" data-id=\"37fcb98\" data-element_type=\"container\" data-e-type=\"container\">\n\t\t\t\t\t<div class=\"e-con-inner\">\n\t\t<div class=\"elementor-element elementor-element-04eaa57 e-con-full e-flex e-con e-child\" data-id=\"04eaa57\" data-element_type=\"container\" data-e-type=\"container\">\n\t\t\t\t<div class=\"elementor-element elementor-element-4051e52b elementor-widget elementor-widget-image\" data-id=\"4051e52b\" data-element_type=\"widget\" data-e-type=\"widget\" data-widget_type=\"image.default\">\n\t\t\t\t<div class=\"elementor-widget-container\">\n\t\t\t\t\t\t\t\t\t\t\t\t\t\t\t<img decoding=\"async\" width=\"1024\" height=\"482\" src=\"https:\/\/impression.nl\/wp-content\/uploads\/2020\/04\/Dyksterbuorren33Menaam-02-gray-1024x482.jpg\" class=\"attachment-large size-large wp-image-24132\" alt=\"\" srcset=\"https:\/\/impression.nl\/wp-content\/uploads\/2020\/04\/Dyksterbuorren33Menaam-02-gray-1024x482.jpg 1024w, https:\/\/impression.nl\/wp-content\/uploads\/2020\/04\/Dyksterbuorren33Menaam-02-gray-300x141.jpg 300w, https:\/\/impression.nl\/wp-content\/uploads\/2020\/04\/Dyksterbuorren33Menaam-02-gray-768x361.jpg 768w, https:\/\/impression.nl\/wp-content\/uploads\/2020\/04\/Dyksterbuorren33Menaam-02-gray-1536x723.jpg 1536w, https:\/\/impression.nl\/wp-content\/uploads\/2020\/04\/Dyksterbuorren33Menaam-02-gray-20x9.jpg 20w, https:\/\/impression.nl\/wp-content\/uploads\/2020\/04\/Dyksterbuorren33Menaam-02-gray.jpg 1800w\" sizes=\"(max-width: 1024px) 100vw, 1024px\" title=\"\">\t\t\t\t\t\t\t\t\t\t\t\t\t\t\t<\/div>\n\t\t\t\t<\/div>\n\t\t\t\t<\/div>\n\t\t<div class=\"elementor-element elementor-element-9020392 e-con-full e-flex e-con e-child\" data-id=\"9020392\" data-element_type=\"container\" data-e-type=\"container\">\n\t\t\t\t<div class=\"elementor-element elementor-element-35ac1664 elementor-widget elementor-widget-heading\" data-id=\"35ac1664\" data-element_type=\"widget\" data-e-type=\"widget\" data-widget_type=\"heading.default\">\n\t\t\t\t<div class=\"elementor-widget-container\">\n\t\t\t\t\t<h2 class=\"elementor-heading-title elementor-size-default\">Direkter Kontakt<\/h2>\t\t\t\t<\/div>\n\t\t\t\t<\/div>\n\t\t\t\t<div class=\"elementor-element elementor-element-136f0836 jedv-enabled--yes elementor-widget elementor-widget-text-editor\" data-id=\"136f0836\" data-element_type=\"widget\" data-e-type=\"widget\" data-widget_type=\"text-editor.default\">\n\t\t\t\t<div class=\"elementor-widget-container\">\n\t\t\t\t\t\t\t\t\tM\u00f6chten Sie sofort mehr \u00fcber Dom\u00e4nennamen erfahren? Rufen Sie uns an oder schicken Sie uns eine E-Mail und Mike oder ein Kollege wird Ihnen schnell helfen oder mit Ihnen sprechen.\t\t\t\t\t\t\t\t<\/div>\n\t\t\t\t<\/div>\n\t\t<div class=\"elementor-element elementor-element-1e64e283 e-con-full e-flex e-con e-child\" data-id=\"1e64e283\" data-element_type=\"container\" data-e-type=\"container\">\n\t\t\t\t<div class=\"elementor-element elementor-element-3bf24a74 elementor-widget elementor-widget-button\" data-id=\"3bf24a74\" data-element_type=\"widget\" data-e-type=\"widget\" data-widget_type=\"button.default\">\n\t\t\t\t<div class=\"elementor-widget-container\">\n\t\t\t\t\t\t\t\t\t<div class=\"elementor-button-wrapper\">\n\t\t\t\t\t<a class=\"elementor-button elementor-button-link elementor-size-sm\" href=\"mailto:info@impression.nl\" target=\"_blank\">\n\t\t\t\t\t\t<span class=\"elementor-button-content-wrapper\">\n\t\t\t\t\t\t<span class=\"elementor-button-icon\">\n\t\t\t\t<svg xmlns=\"http:\/\/www.w3.org\/2000\/svg\" id=\"a\" viewbox=\"0 0 48 30.09\"><path d=\"M16.87,24.09c-.13-.14-.24-.46-.21-.66l2.31-18.13c.11-.24.37-.32.63-.31l26.44.05c.27.2.42.49.38.84l-2.3,18.04c-.17.25-.43.4-.74.39l-26.18-.03c-.1-.05-.25-.11-.32-.19ZM43.42,6.49h-21.89l9.78,9.64,12.12-9.64ZM18.43,21.77l9.07-7.18-7.34-7.26-1.73,14.44ZM42.95,21.96l1.68-14.44-9.07,7.17,7.39,7.27ZM41.54,22.81l-7.17-7.12c-.31-.05-2.49,2.18-3.09,2.21-.74.04-1.89-1.72-2.51-2.14-.08-.06-.13-.11-.24-.05l-8.89,7.09h21.89Z\"><\/path><path d=\"M26.08,28.31c-.13.13-.48.22-.67.22H9.4c-1.01-.05-1.1-1.39-.09-1.51h16.28c.64,0,.9.87.49,1.29Z\"><\/path><path d=\"M1.94,16.73l8.87-.02c.86.36.64,1.43-.28,1.5-2.58-.22-5.62.28-8.14,0-.9-.1-1.25-.95-.45-1.48Z\"><\/path><path d=\"M5.49,11.58l8.31-.02c1.09.36.76,1.39-.38,1.5-2.33.23-5.02-.17-7.39,0-.93-.02-1.43-.93-.54-1.48Z\"><\/path><path d=\"M3.62,6.33c.78-.14,4.59-.14,5.4-.02.88.13,1,1.18.19,1.49H3.51c-.75-.12-.74-1.32.11-1.48Z\"><\/path><path d=\"M7.42,22.08c.08-.11.34-.2.48-.22,1.34-.17,3.02.13,4.4,0,.8.35.73,1.36-.19,1.49-.76.11-3.34.11-4.1,0-.66-.09-1-.77-.59-1.28Z\"><\/path><path d=\"M4.14,28.31c-.24-.24-.27-.72-.07-1,.35-.5,2.67-.59,2.25.75-.2.64-1.83.6-2.18.25Z\"><\/path><path d=\"M14.66,6.52c.37.32.22,1.13-.23,1.27-.18.05-1.37.05-1.55,0-.48-.14-.62-1.05-.13-1.32.4-.22,1.55-.25,1.91.06Z\"><\/path><path d=\"M29.26,2.44c-.11.13-.4.23-.57.22l-19.14-.06c-.74-.54-.42-1.48.51-1.45h18.44c.71-.08,1.23.74.76,1.29Z\"><\/path><path d=\"M33.28,1.17c.32-.07,1.58-.06,1.9.02.82.21.72,1.33-.05,1.45-.31.05-1.75.05-2.01-.04-.64-.21-.57-1.27.17-1.44Z\"><\/path><\/svg>\t\t\t<\/span>\n\t\t\t\t\t\t\t\t\t<span class=\"elementor-button-text\">info@impression.nl<\/span>\n\t\t\t\t\t<\/span>\n\t\t\t\t\t<\/a>\n\t\t\t\t<\/div>\n\t\t\t\t\t\t\t\t<\/div>\n\t\t\t\t<\/div>\n\t\t\t\t<div class=\"elementor-element elementor-element-3d1fde7f elementor-widget elementor-widget-button\" data-id=\"3d1fde7f\" data-element_type=\"widget\" data-e-type=\"widget\" data-widget_type=\"button.default\">\n\t\t\t\t<div class=\"elementor-widget-container\">\n\t\t\t\t\t\t\t\t\t<div class=\"elementor-button-wrapper\">\n\t\t\t\t\t<a class=\"elementor-button elementor-button-link elementor-size-sm\" href=\"tel:0031583690130\" target=\"_blank\">\n\t\t\t\t\t\t<span class=\"elementor-button-content-wrapper\">\n\t\t\t\t\t\t<span class=\"elementor-button-icon\">\n\t\t\t\t<i aria-hidden=\"true\" class=\"lnr lnr-phone-handset\"><\/i>\t\t\t<\/span>\n\t\t\t\t\t\t\t\t\t<span class=\"elementor-button-text\">Menaam anrufen<\/span>\n\t\t\t\t\t<\/span>\n\t\t\t\t\t<\/a>\n\t\t\t\t<\/div>\n\t\t\t\t\t\t\t\t<\/div>\n\t\t\t\t<\/div>\n\t\t\t\t<div class=\"elementor-element elementor-element-388d1578 elementor-widget elementor-widget-button\" data-id=\"388d1578\" data-element_type=\"widget\" data-e-type=\"widget\" data-widget_type=\"button.default\">\n\t\t\t\t<div class=\"elementor-widget-container\">\n\t\t\t\t\t\t\t\t\t<div class=\"elementor-button-wrapper\">\n\t\t\t\t\t<a class=\"elementor-button elementor-button-link elementor-size-sm\" href=\"Tel: 0031228318025\" target=\"_blank\">\n\t\t\t\t\t\t<span class=\"elementor-button-content-wrapper\">\n\t\t\t\t\t\t<span class=\"elementor-button-icon\">\n\t\t\t\t<i aria-hidden=\"true\" class=\"lnr lnr-phone-handset\"><\/i>\t\t\t<\/span>\n\t\t\t\t\t\t\t\t\t<span class=\"elementor-button-text\">Enkhuizen anrufen<\/span>\n\t\t\t\t\t<\/span>\n\t\t\t\t\t<\/a>\n\t\t\t\t<\/div>\n\t\t\t\t\t\t\t\t<\/div>\n\t\t\t\t<\/div>\n\t\t\t\t<\/div>\n\t\t\t\t<\/div>\n\t\t\t\t\t<\/div>\n\t\t\t\t<\/div>\n\t\t<div class=\"elementor-element elementor-element-ebda495 e-con-full e-flex e-con e-child\" data-id=\"ebda495\" data-element_type=\"container\" data-e-type=\"container\">\n\t\t\t\t<div class=\"elementor-element elementor-element-77dd1e43 elementor-widget elementor-widget-heading\" data-id=\"77dd1e43\" data-element_type=\"widget\" data-e-type=\"widget\" data-widget_type=\"heading.default\">\n\t\t\t\t<div class=\"elementor-widget-container\">\n\t\t\t\t\t<h2 class=\"elementor-heading-title elementor-size-default\"><a href=\"#contact\">oder f\u00fcllen Sie das Kontaktformular aus<\/a><\/h2>\t\t\t\t<\/div>\n\t\t\t\t<\/div>\n\t\t\t\t<div class=\"elementor-element elementor-element-29b4c2c3 elementor-view-default elementor-widget elementor-widget-icon\" data-id=\"29b4c2c3\" data-element_type=\"widget\" data-e-type=\"widget\" data-widget_type=\"icon.default\">\n\t\t\t\t<div class=\"elementor-widget-container\">\n\t\t\t\t\t\t\t<div class=\"elementor-icon-wrapper\">\n\t\t\t<a class=\"elementor-icon\" href=\"#contact\">\n\t\t\t<i aria-hidden=\"true\" class=\"fas fa-arrow-down\"><\/i>\t\t\t<\/a>\n\t\t<\/div>\n\t\t\t\t\t\t<\/div>\n\t\t\t\t<\/div>\n\t\t\t\t<\/div>\n\t\t\t\t<\/div>\n\t\t\t\t<\/div>\n\t\t\t\t<\/div>\n\t\t\t\t\t\t<\/div>\n\t\t\t\t<\/div>\n\t\t\t\t<div class=\"elementor-element elementor-element-3227978 elementor-widget elementor-widget-text-editor\" data-id=\"3227978\" data-element_type=\"widget\" data-e-type=\"widget\" data-widget_type=\"text-editor.default\">\n\t\t\t\t<div class=\"elementor-widget-container\">\n\t\t\t\t\t\t\t\t\t<p data-start=\"846\" data-end=\"1197\"><em>Wir haben auch regelm\u00e4\u00dfig interessante und wertvolle Dom\u00e4nennamen zum Direktverkauf im Angebot. Fragen Sie uns nach der aktuellen Liste und den damit verbundenen Bedingungen und Konditionen.<\/em><\/p>\t\t\t\t\t\t\t\t<\/div>\n\t\t\t\t<\/div>\n\t\t\t\t<\/div>\n\t\t\t\t\t<\/div>\n\t\t\t\t<\/div>\n\t\t\t\t<\/div>","protected":false},"excerpt":{"rendered":"<p>Wir denken mit f\u00fcr Ihren perfekten Domainnamen und registrieren ihn f\u00fcr Sie.<\/p>","protected":false},"author":1,"featured_media":33384,"parent":32458,"menu_order":10,"comment_status":"closed","ping_status":"closed","template":"","meta":{"iawp_total_views":102,"footnotes":""},"class_list":["post-1007","page","type-page","status-publish","has-post-thumbnail","hentry"],"_links":{"self":[{"href":"https:\/\/impression.nl\/de\/wp-json\/wp\/v2\/pages\/1007","targetHints":{"allow":["GET"]}}],"collection":[{"href":"https:\/\/impression.nl\/de\/wp-json\/wp\/v2\/pages"}],"about":[{"href":"https:\/\/impression.nl\/de\/wp-json\/wp\/v2\/types\/page"}],"author":[{"embeddable":true,"href":"https:\/\/impression.nl\/de\/wp-json\/wp\/v2\/users\/1"}],"replies":[{"embeddable":true,"href":"https:\/\/impression.nl\/de\/wp-json\/wp\/v2\/comments?post=1007"}],"version-history":[{"count":0,"href":"https:\/\/impression.nl\/de\/wp-json\/wp\/v2\/pages\/1007\/revisions"}],"up":[{"embeddable":true,"href":"https:\/\/impression.nl\/de\/wp-json\/wp\/v2\/pages\/32458"}],"wp:featuredmedia":[{"embeddable":true,"href":"https:\/\/impression.nl\/de\/wp-json\/wp\/v2\/media\/33384"}],"wp:attachment":[{"href":"https:\/\/impression.nl\/de\/wp-json\/wp\/v2\/media?parent=1007"}],"curies":[{"name":"wp","href":"https:\/\/api.w.org\/{rel}","templated":true}]}}