{"id":32491,"date":"2025-05-26T12:26:18","date_gmt":"2025-05-26T10:26:18","guid":{"rendered":"https:\/\/impression.nl\/?page_id=32491"},"modified":"2025-06-05T18:46:52","modified_gmt":"2025-06-05T16:46:52","slug":"e-mail-verwaltung","status":"publish","type":"page","link":"https:\/\/impression.nl\/de\/email-beheer\/","title":{"rendered":"E-Mail-Verwaltung"},"content":{"rendered":"<div data-elementor-type=\"wp-page\" data-elementor-id=\"32491\" class=\"elementor elementor-32491\" data-elementor-post-type=\"page\">\n\t\t\t\t<div class=\"elementor-element elementor-element-dad5a2b section-xxl e-flex e-con-boxed e-con e-parent\" data-id=\"dad5a2b\" data-element_type=\"container\" data-e-type=\"container\">\n\t\t\t\t\t<div class=\"e-con-inner\">\n\t\t<div class=\"elementor-element elementor-element-a3187ba e-con-full e-flex e-con e-child\" data-id=\"a3187ba\" data-element_type=\"container\" data-e-type=\"container\">\n\t\t\t\t<div class=\"elementor-element elementor-element-3a65bc8 elementor-widget elementor-widget-heading\" data-id=\"3a65bc8\" data-element_type=\"widget\" data-e-type=\"widget\" data-widget_type=\"heading.default\">\n\t\t\t\t<div class=\"elementor-widget-container\">\n\t\t\t\t\t<h1 class=\"elementor-heading-title elementor-size-default\">Ma\u00dfgeschneidertes professionelles E-Mail-Management, alles unter einem Dach\n<\/h1>\t\t\t\t<\/div>\n\t\t\t\t<\/div>\n\t\t\t\t<div class=\"elementor-element elementor-element-3c0e5f4 elementor-widget elementor-widget-text-editor\" data-id=\"3c0e5f4\" data-element_type=\"widget\" data-e-type=\"widget\" data-widget_type=\"text-editor.default\">\n\t\t\t\t<div class=\"elementor-widget-container\">\n\t\t\t\t\t\t\t\t\t<p data-start=\"522\" data-end=\"756\">Eine zuverl\u00e4ssige E-Mail-Adresse unter Ihrer eigenen Domain strahlt Professionalit\u00e4t aus und ist f\u00fcr eine gute Kommunikation unerl\u00e4sslich. Ob Sie gerade erst anfangen oder schon seit Jahren im Gesch\u00e4ft sind, wir sorgen daf\u00fcr, dass Ihr E-Mail-Verkehr sicher, stabil und effizient ist.<\/p>\t\t\t\t\t\t\t\t<\/div>\n\t\t\t\t<\/div>\n\t\t\t\t<div class=\"elementor-element elementor-element-a15b9b4 elementor-widget elementor-widget-heading\" data-id=\"a15b9b4\" data-element_type=\"widget\" data-e-type=\"widget\" data-widget_type=\"heading.default\">\n\t\t\t\t<div class=\"elementor-widget-container\">\n\t\t\t\t\t<h2 class=\"elementor-heading-title elementor-size-default\">Warum E-Mail-Management durch uns?\n<\/h2>\t\t\t\t<\/div>\n\t\t\t\t<\/div>\n\t\t\t\t<div class=\"elementor-element elementor-element-eefbcea elementor-widget elementor-widget-text-editor\" data-id=\"eefbcea\" data-element_type=\"widget\" data-e-type=\"widget\" data-widget_type=\"text-editor.default\">\n\t\t\t\t<div class=\"elementor-widget-container\">\n\t\t\t\t\t\t\t\t\t<p data-start=\"796\" data-end=\"1001\"><strong data-start=\"798\" data-end=\"830\">Eine Anlaufstelle f\u00fcr alles<\/strong><br data-start=\"830\" data-end=\"833\" \/>Von der Website bis zum Domainnamen, von den E-Mail-Adressen bis zu den Einstellungen - wir k\u00fcmmern uns um alles. Kein \u00c4rger mit mehreren Parteien, alles klar und zentral organisiert.<\/p><p data-start=\"1003\" data-end=\"1177\"><strong data-start=\"1005\" data-end=\"1038\">E-Mail auf Ihrem eigenen Domainnamen<\/strong><br data-start=\"1038\" data-end=\"1041\" \/>Eine professionelle E-Mail-Adresse wie <em data-start=\"1077\" data-end=\"1097\"><a class=\"cursor-pointer\" rel=\"noopener\" data-start=\"1078\" data-end=\"1096\">info@jouwdomein.nl<\/a><\/em> oder <em data-start=\"1101\" data-end=\"1127\"><a class=\"cursor-pointer\" rel=\"noopener\" data-start=\"1102\" data-end=\"1126\">voornaam@bedrijfsnaam.nl<\/a><\/em> st\u00e4rkt Ihre Marke und schafft Vertrauen bei den Kunden.<\/p><p data-start=\"1179\" data-end=\"1402\"><strong data-start=\"1181\" data-end=\"1219\">Sichere und stabile E-Mail-Umgebung<\/strong><br data-start=\"1219\" data-end=\"1222\" \/>Wir verwenden zuverl\u00e4ssige Systeme mit Spam-Filtern, automatischen Backups und gutem Schutz vor Phishing und Datenlecks. Ihre Kommunikation ist bei uns in sicheren H\u00e4nden.<\/p><p data-start=\"1404\" data-end=\"1608\"><strong data-start=\"1406\" data-end=\"1441\">Zugriff wo und wann Sie wollen<\/strong><br data-start=\"1441\" data-end=\"1444\" \/>Lesen und verwalten Sie Ihre E-Mails auf Ihrem Computer, Tablet oder Smartphone. Wir k\u00fcmmern uns um die richtigen Einstellungen und die Synchronisation, damit Sie jederzeit und \u00fcberall erreichbar sind.<\/p><p data-start=\"1610\" data-end=\"1861\"><strong data-start=\"1612\" data-end=\"1658\">Unterst\u00fctzung beim Einrichten und Umschalten<\/strong><br data-start=\"1658\" data-end=\"1661\" \/>Sie m\u00f6chten von einem anderen Anbieter wechseln? Oder Ihre E-Mail auf einem neuen Ger\u00e4t einrichten? Kein Problem, wir helfen Ihnen schnell und pers\u00f6nlich. Auch die Migration bestehender E-Mails \u00fcbernehmen wir f\u00fcr Sie.<\/p><p data-start=\"1863\" data-end=\"2041\"><strong data-start=\"1865\" data-end=\"1891\">Skalierbar und flexibel<\/strong><br data-start=\"1891\" data-end=\"1894\" \/>Ob Sie ein einzelnes Postfach oder ein komplettes Paket f\u00fcr Ihr gesamtes Team ben\u00f6tigen, wir denken mit Ihnen mit. Die Skalierung ist einfach, ohne unerwartete Kosten.<\/p>\t\t\t\t\t\t\t\t<\/div>\n\t\t\t\t<\/div>\n\t\t\t\t<div class=\"elementor-element elementor-element-cff2c2e elementor-widget elementor-widget-heading\" data-id=\"cff2c2e\" data-element_type=\"widget\" data-e-type=\"widget\" data-widget_type=\"heading.default\">\n\t\t\t\t<div class=\"elementor-widget-container\">\n\t\t\t\t\t<h2 class=\"elementor-heading-title elementor-size-default\">Kluges Kombinieren = sorglose Gesch\u00e4fte<\/h2>\t\t\t\t<\/div>\n\t\t\t\t<\/div>\n\t\t\t\t<div class=\"elementor-element elementor-element-31806bc elementor-widget elementor-widget-text-editor\" data-id=\"31806bc\" data-element_type=\"widget\" data-e-type=\"widget\" data-widget_type=\"text-editor.default\">\n\t\t\t\t<div class=\"elementor-widget-container\">\n\t\t\t\t\t\t\t\t\t<p data-start=\"2096\" data-end=\"2360\">Entscheiden Sie sich f\u00fcr eine Website bei uns? Dann ist es klug, Ihren Domainnamen, Ihr Hosting und Ihre E-Mail-Verwaltung direkt bei uns zu platzieren. Auf diese Weise arbeiten alle Komponenten perfekt zusammen, Sie haben einen klaren Ansprechpartner und k\u00f6nnen sich auf das konzentrieren, was wirklich wichtig ist: das Wachstum Ihres Unternehmens.<\/p><p data-start=\"2096\" data-end=\"2360\">E-Mail-Management und Website-Hosting sind nahtlos miteinander verbunden. Besuchen Sie unser<a href=\"\/de\/website-hosting\/\"> Hosting-Pakete<\/a>!<\/p>\t\t\t\t\t\t\t\t<\/div>\n\t\t\t\t<\/div>\n\t\t\t\t<div class=\"elementor-element elementor-element-29dd59a elementor-widget elementor-widget-heading\" data-id=\"29dd59a\" data-element_type=\"widget\" data-e-type=\"widget\" data-widget_type=\"heading.default\">\n\t\t\t\t<div class=\"elementor-widget-container\">\n\t\t\t\t\t<h2 class=\"elementor-heading-title elementor-size-default\">Zuverl\u00e4ssiger Service und Support<\/h2>\t\t\t\t<\/div>\n\t\t\t\t<\/div>\n\t\t\t\t<div class=\"elementor-element elementor-element-66773ef elementor-widget elementor-widget-text-editor\" data-id=\"66773ef\" data-element_type=\"widget\" data-e-type=\"widget\" data-widget_type=\"text-editor.default\">\n\t\t\t\t<div class=\"elementor-widget-container\">\n\t\t\t\t\t\t\t\t\t<p data-start=\"846\" data-end=\"1197\">Keine anonymen Helpdesks oder Dropdown-Men\u00fcs. Bei uns erhalten Sie pers\u00f6nliche Unterst\u00fctzung von Menschen, die Ihr Projekt und Ihr Gesch\u00e4ft kennen. Schnell, klar und immer auf eine L\u00f6sung ausgerichtet.<\/p>\t\t\t\t\t\t\t\t<\/div>\n\t\t\t\t<\/div>\n\t\t\t\t<\/div>\n\t\t<div class=\"elementor-element elementor-element-9e5e0fa e-con-full e-flex e-con e-child\" data-id=\"9e5e0fa\" data-element_type=\"container\" data-e-type=\"container\">\n\t\t\t\t<div class=\"elementor-element elementor-element-e103183 elementor-widget elementor-widget-template\" data-id=\"e103183\" data-element_type=\"widget\" data-e-type=\"widget\" data-widget_type=\"template.default\">\n\t\t\t\t<div class=\"elementor-widget-container\">\n\t\t\t\t\t\t\t<div class=\"elementor-template\">\n\t\t\t\t\t<div data-elementor-type=\"container\" data-elementor-id=\"32755\" class=\"elementor elementor-32755\" data-elementor-post-type=\"elementor_library\">\n\t\t\t\t<div class=\"elementor-element elementor-element-5c40c2d1 e-con-full e-flex e-con e-child\" data-id=\"5c40c2d1\" data-element_type=\"container\" data-e-type=\"container\">\n\t\t<div class=\"elementor-element elementor-element-37fcb98 e-flex e-con-boxed e-con e-child\" data-id=\"37fcb98\" data-element_type=\"container\" data-e-type=\"container\">\n\t\t\t\t\t<div class=\"e-con-inner\">\n\t\t<div class=\"elementor-element elementor-element-04eaa57 e-con-full e-flex e-con e-child\" data-id=\"04eaa57\" data-element_type=\"container\" data-e-type=\"container\">\n\t\t\t\t<div class=\"elementor-element elementor-element-4051e52b elementor-widget elementor-widget-image\" data-id=\"4051e52b\" data-element_type=\"widget\" data-e-type=\"widget\" data-widget_type=\"image.default\">\n\t\t\t\t<div class=\"elementor-widget-container\">\n\t\t\t\t\t\t\t\t\t\t\t\t\t\t\t<img decoding=\"async\" width=\"1024\" height=\"482\" src=\"https:\/\/impression.nl\/wp-content\/uploads\/2020\/04\/Dyksterbuorren33Menaam-02-gray-1024x482.jpg\" class=\"attachment-large size-large wp-image-24132\" alt=\"\" srcset=\"https:\/\/impression.nl\/wp-content\/uploads\/2020\/04\/Dyksterbuorren33Menaam-02-gray-1024x482.jpg 1024w, https:\/\/impression.nl\/wp-content\/uploads\/2020\/04\/Dyksterbuorren33Menaam-02-gray-300x141.jpg 300w, https:\/\/impression.nl\/wp-content\/uploads\/2020\/04\/Dyksterbuorren33Menaam-02-gray-768x361.jpg 768w, https:\/\/impression.nl\/wp-content\/uploads\/2020\/04\/Dyksterbuorren33Menaam-02-gray-1536x723.jpg 1536w, https:\/\/impression.nl\/wp-content\/uploads\/2020\/04\/Dyksterbuorren33Menaam-02-gray-20x9.jpg 20w, https:\/\/impression.nl\/wp-content\/uploads\/2020\/04\/Dyksterbuorren33Menaam-02-gray.jpg 1800w\" sizes=\"(max-width: 1024px) 100vw, 1024px\" title=\"\">\t\t\t\t\t\t\t\t\t\t\t\t\t\t\t<\/div>\n\t\t\t\t<\/div>\n\t\t\t\t<\/div>\n\t\t<div class=\"elementor-element elementor-element-9020392 e-con-full e-flex e-con e-child\" data-id=\"9020392\" data-element_type=\"container\" data-e-type=\"container\">\n\t\t\t\t<div class=\"elementor-element elementor-element-35ac1664 elementor-widget elementor-widget-heading\" data-id=\"35ac1664\" data-element_type=\"widget\" data-e-type=\"widget\" data-widget_type=\"heading.default\">\n\t\t\t\t<div class=\"elementor-widget-container\">\n\t\t\t\t\t<h2 class=\"elementor-heading-title elementor-size-default\">Direkter Kontakt<\/h2>\t\t\t\t<\/div>\n\t\t\t\t<\/div>\n\t\t\t\t<div class=\"elementor-element elementor-element-136f0836 jedv-enabled--yes elementor-widget elementor-widget-text-editor\" data-id=\"136f0836\" data-element_type=\"widget\" data-e-type=\"widget\" data-widget_type=\"text-editor.default\">\n\t\t\t\t<div class=\"elementor-widget-container\">\n\t\t\t\t\t\t\t\t\tSie m\u00f6chten sofort mehr \u00fcber E-Mail-Management erfahren? Rufen Sie uns an oder schicken Sie uns eine E-Mail und Mike oder ein Kollege werden Ihnen schnell helfen oder mit Ihnen sprechen.\t\t\t\t\t\t\t\t<\/div>\n\t\t\t\t<\/div>\n\t\t<div class=\"elementor-element elementor-element-1e64e283 e-con-full e-flex e-con e-child\" data-id=\"1e64e283\" data-element_type=\"container\" data-e-type=\"container\">\n\t\t\t\t<div class=\"elementor-element elementor-element-3bf24a74 elementor-widget elementor-widget-button\" data-id=\"3bf24a74\" data-element_type=\"widget\" data-e-type=\"widget\" data-widget_type=\"button.default\">\n\t\t\t\t<div class=\"elementor-widget-container\">\n\t\t\t\t\t\t\t\t\t<div class=\"elementor-button-wrapper\">\n\t\t\t\t\t<a class=\"elementor-button elementor-button-link elementor-size-sm\" href=\"mailto:info@impression.nl\" target=\"_blank\">\n\t\t\t\t\t\t<span class=\"elementor-button-content-wrapper\">\n\t\t\t\t\t\t<span class=\"elementor-button-icon\">\n\t\t\t\t<svg xmlns=\"http:\/\/www.w3.org\/2000\/svg\" id=\"a\" viewbox=\"0 0 48 30.09\"><path d=\"M16.87,24.09c-.13-.14-.24-.46-.21-.66l2.31-18.13c.11-.24.37-.32.63-.31l26.44.05c.27.2.42.49.38.84l-2.3,18.04c-.17.25-.43.4-.74.39l-26.18-.03c-.1-.05-.25-.11-.32-.19ZM43.42,6.49h-21.89l9.78,9.64,12.12-9.64ZM18.43,21.77l9.07-7.18-7.34-7.26-1.73,14.44ZM42.95,21.96l1.68-14.44-9.07,7.17,7.39,7.27ZM41.54,22.81l-7.17-7.12c-.31-.05-2.49,2.18-3.09,2.21-.74.04-1.89-1.72-2.51-2.14-.08-.06-.13-.11-.24-.05l-8.89,7.09h21.89Z\"><\/path><path d=\"M26.08,28.31c-.13.13-.48.22-.67.22H9.4c-1.01-.05-1.1-1.39-.09-1.51h16.28c.64,0,.9.87.49,1.29Z\"><\/path><path d=\"M1.94,16.73l8.87-.02c.86.36.64,1.43-.28,1.5-2.58-.22-5.62.28-8.14,0-.9-.1-1.25-.95-.45-1.48Z\"><\/path><path d=\"M5.49,11.58l8.31-.02c1.09.36.76,1.39-.38,1.5-2.33.23-5.02-.17-7.39,0-.93-.02-1.43-.93-.54-1.48Z\"><\/path><path d=\"M3.62,6.33c.78-.14,4.59-.14,5.4-.02.88.13,1,1.18.19,1.49H3.51c-.75-.12-.74-1.32.11-1.48Z\"><\/path><path d=\"M7.42,22.08c.08-.11.34-.2.48-.22,1.34-.17,3.02.13,4.4,0,.8.35.73,1.36-.19,1.49-.76.11-3.34.11-4.1,0-.66-.09-1-.77-.59-1.28Z\"><\/path><path d=\"M4.14,28.31c-.24-.24-.27-.72-.07-1,.35-.5,2.67-.59,2.25.75-.2.64-1.83.6-2.18.25Z\"><\/path><path d=\"M14.66,6.52c.37.32.22,1.13-.23,1.27-.18.05-1.37.05-1.55,0-.48-.14-.62-1.05-.13-1.32.4-.22,1.55-.25,1.91.06Z\"><\/path><path d=\"M29.26,2.44c-.11.13-.4.23-.57.22l-19.14-.06c-.74-.54-.42-1.48.51-1.45h18.44c.71-.08,1.23.74.76,1.29Z\"><\/path><path d=\"M33.28,1.17c.32-.07,1.58-.06,1.9.02.82.21.72,1.33-.05,1.45-.31.05-1.75.05-2.01-.04-.64-.21-.57-1.27.17-1.44Z\"><\/path><\/svg>\t\t\t<\/span>\n\t\t\t\t\t\t\t\t\t<span class=\"elementor-button-text\">info@impression.nl<\/span>\n\t\t\t\t\t<\/span>\n\t\t\t\t\t<\/a>\n\t\t\t\t<\/div>\n\t\t\t\t\t\t\t\t<\/div>\n\t\t\t\t<\/div>\n\t\t\t\t<div class=\"elementor-element elementor-element-3d1fde7f elementor-widget elementor-widget-button\" data-id=\"3d1fde7f\" data-element_type=\"widget\" data-e-type=\"widget\" data-widget_type=\"button.default\">\n\t\t\t\t<div class=\"elementor-widget-container\">\n\t\t\t\t\t\t\t\t\t<div class=\"elementor-button-wrapper\">\n\t\t\t\t\t<a class=\"elementor-button elementor-button-link elementor-size-sm\" href=\"tel:0031583690130\" target=\"_blank\">\n\t\t\t\t\t\t<span class=\"elementor-button-content-wrapper\">\n\t\t\t\t\t\t<span class=\"elementor-button-icon\">\n\t\t\t\t<i aria-hidden=\"true\" class=\"lnr lnr-phone-handset\"><\/i>\t\t\t<\/span>\n\t\t\t\t\t\t\t\t\t<span class=\"elementor-button-text\">Menaam anrufen<\/span>\n\t\t\t\t\t<\/span>\n\t\t\t\t\t<\/a>\n\t\t\t\t<\/div>\n\t\t\t\t\t\t\t\t<\/div>\n\t\t\t\t<\/div>\n\t\t\t\t<div class=\"elementor-element elementor-element-388d1578 elementor-widget elementor-widget-button\" data-id=\"388d1578\" data-element_type=\"widget\" data-e-type=\"widget\" data-widget_type=\"button.default\">\n\t\t\t\t<div class=\"elementor-widget-container\">\n\t\t\t\t\t\t\t\t\t<div class=\"elementor-button-wrapper\">\n\t\t\t\t\t<a class=\"elementor-button elementor-button-link elementor-size-sm\" href=\"Tel: 0031228318025\" target=\"_blank\">\n\t\t\t\t\t\t<span class=\"elementor-button-content-wrapper\">\n\t\t\t\t\t\t<span class=\"elementor-button-icon\">\n\t\t\t\t<i aria-hidden=\"true\" class=\"lnr lnr-phone-handset\"><\/i>\t\t\t<\/span>\n\t\t\t\t\t\t\t\t\t<span class=\"elementor-button-text\">Enkhuizen anrufen<\/span>\n\t\t\t\t\t<\/span>\n\t\t\t\t\t<\/a>\n\t\t\t\t<\/div>\n\t\t\t\t\t\t\t\t<\/div>\n\t\t\t\t<\/div>\n\t\t\t\t<\/div>\n\t\t\t\t<\/div>\n\t\t\t\t\t<\/div>\n\t\t\t\t<\/div>\n\t\t<div class=\"elementor-element elementor-element-ebda495 e-con-full e-flex e-con e-child\" data-id=\"ebda495\" data-element_type=\"container\" data-e-type=\"container\">\n\t\t\t\t<div class=\"elementor-element elementor-element-77dd1e43 elementor-widget elementor-widget-heading\" data-id=\"77dd1e43\" data-element_type=\"widget\" data-e-type=\"widget\" data-widget_type=\"heading.default\">\n\t\t\t\t<div class=\"elementor-widget-container\">\n\t\t\t\t\t<h2 class=\"elementor-heading-title elementor-size-default\"><a href=\"#contact\">oder f\u00fcllen Sie das Kontaktformular aus<\/a><\/h2>\t\t\t\t<\/div>\n\t\t\t\t<\/div>\n\t\t\t\t<div class=\"elementor-element elementor-element-29b4c2c3 elementor-view-default elementor-widget elementor-widget-icon\" data-id=\"29b4c2c3\" data-element_type=\"widget\" data-e-type=\"widget\" data-widget_type=\"icon.default\">\n\t\t\t\t<div class=\"elementor-widget-container\">\n\t\t\t\t\t\t\t<div class=\"elementor-icon-wrapper\">\n\t\t\t<a class=\"elementor-icon\" href=\"#contact\">\n\t\t\t<i aria-hidden=\"true\" class=\"fas fa-arrow-down\"><\/i>\t\t\t<\/a>\n\t\t<\/div>\n\t\t\t\t\t\t<\/div>\n\t\t\t\t<\/div>\n\t\t\t\t<\/div>\n\t\t\t\t<\/div>\n\t\t\t\t<\/div>\n\t\t\t\t<\/div>\n\t\t\t\t\t\t<\/div>\n\t\t\t\t<\/div>\n\t\t\t\t<div class=\"elementor-element elementor-element-239190b elementor-widget elementor-widget-text-editor\" data-id=\"239190b\" data-element_type=\"widget\" data-e-type=\"widget\" data-widget_type=\"text-editor.default\">\n\t\t\t\t<div class=\"elementor-widget-container\">\n\t\t\t\t\t\t\t\t\t<p data-start=\"846\" data-end=\"1197\"><em>Wir haben auch regelm\u00e4\u00dfig interessante und wertvolle Dom\u00e4nennamen zum Direktverkauf im Angebot. Fragen Sie uns nach der aktuellen Liste und den damit verbundenen Bedingungen und Konditionen.<\/em><\/p>\t\t\t\t\t\t\t\t<\/div>\n\t\t\t\t<\/div>\n\t\t\t\t<\/div>\n\t\t\t\t\t<\/div>\n\t\t\t\t<\/div>\n\t\t\t\t<\/div>","protected":false},"excerpt":{"rendered":"<p>Sichere Postf\u00e4cher, wenig Spam. Migration bei Bedarf. Und Post auf Ihrem Domainnamen. Wir arrangieren alles f\u00fcr Sie.<\/p>","protected":false},"author":1,"featured_media":33389,"parent":32458,"menu_order":11,"comment_status":"closed","ping_status":"closed","template":"","meta":{"iawp_total_views":20,"footnotes":""},"class_list":["post-32491","page","type-page","status-publish","has-post-thumbnail","hentry"],"_links":{"self":[{"href":"https:\/\/impression.nl\/de\/wp-json\/wp\/v2\/pages\/32491","targetHints":{"allow":["GET"]}}],"collection":[{"href":"https:\/\/impression.nl\/de\/wp-json\/wp\/v2\/pages"}],"about":[{"href":"https:\/\/impression.nl\/de\/wp-json\/wp\/v2\/types\/page"}],"author":[{"embeddable":true,"href":"https:\/\/impression.nl\/de\/wp-json\/wp\/v2\/users\/1"}],"replies":[{"embeddable":true,"href":"https:\/\/impression.nl\/de\/wp-json\/wp\/v2\/comments?post=32491"}],"version-history":[{"count":0,"href":"https:\/\/impression.nl\/de\/wp-json\/wp\/v2\/pages\/32491\/revisions"}],"up":[{"embeddable":true,"href":"https:\/\/impression.nl\/de\/wp-json\/wp\/v2\/pages\/32458"}],"wp:featuredmedia":[{"embeddable":true,"href":"https:\/\/impression.nl\/de\/wp-json\/wp\/v2\/media\/33389"}],"wp:attachment":[{"href":"https:\/\/impression.nl\/de\/wp-json\/wp\/v2\/media?parent=32491"}],"curies":[{"name":"wp","href":"https:\/\/api.w.org\/{rel}","templated":true}]}}