{"id":33359,"date":"2025-06-04T10:07:20","date_gmt":"2025-06-04T08:07:20","guid":{"rendered":"https:\/\/impression.nl\/?page_id=33359"},"modified":"2025-06-04T10:57:44","modified_gmt":"2025-06-04T08:57:44","slug":"branding","status":"publish","type":"page","link":"https:\/\/impression.nl\/de\/branding\/","title":{"rendered":"Branding"},"content":{"rendered":"<div data-elementor-type=\"wp-post\" data-elementor-id=\"33359\" class=\"elementor elementor-33359\" data-elementor-post-type=\"page\">\n\t\t\t\t<div class=\"elementor-element elementor-element-b708db8 section-xl e-flex e-con-boxed e-con e-parent\" data-id=\"b708db8\" data-element_type=\"container\" data-e-type=\"container\">\n\t\t\t\t\t<div class=\"e-con-inner\">\n\t\t<div class=\"elementor-element elementor-element-ebac606 e-con-full e-flex e-con e-child\" data-id=\"ebac606\" data-element_type=\"container\" data-e-type=\"container\">\n\t\t\t\t<div class=\"elementor-element elementor-element-b898f1c elementor-widget elementor-widget-heading\" data-id=\"b898f1c\" data-element_type=\"widget\" data-e-type=\"widget\" data-widget_type=\"heading.default\">\n\t\t\t\t<div class=\"elementor-widget-container\">\n\t\t\t\t\t<h1 class=\"elementor-heading-title elementor-size-default\">Branding ist mehr als ein sch\u00f6nes Logo<\/h1>\t\t\t\t<\/div>\n\t\t\t\t<\/div>\n\t\t\t\t<div class=\"elementor-element elementor-element-58ccda1 elementor-widget elementor-widget-text-editor\" data-id=\"58ccda1\" data-element_type=\"widget\" data-e-type=\"widget\" data-widget_type=\"text-editor.default\">\n\t\t\t\t<div class=\"elementor-widget-container\">\n\t\t\t\t\t\t\t\t\t<p data-start=\"253\" data-end=\"472\">Eine starke Marke beginnt nicht mit dem Design, sondern mit der Bedeutung. Beim Branding geht es darum, was Sie ausstrahlen, wof\u00fcr Sie stehen und wie Sie in den K\u00f6pfen und Herzen Ihrer Zielgruppe etwas bewirken. Ihre Markengeschichte ist die Grundlage f\u00fcr alles, was folgt.<\/p><p data-start=\"253\" data-end=\"472\"><strong>Positionierung<br \/><\/strong>In einer Welt voller Wettbewerb ist es sehr wichtig, sich zu positionieren. Wer sind Sie, f\u00fcr wen sind Sie da, und warum sind Sie die beste Wahl? Eine klare Positionierung macht Sie sichtbar, glaubw\u00fcrdig und schafft Vertrauen bei Ihren potenziellen Kunden.<\/p>\t\t\t\t\t\t\t\t<\/div>\n\t\t\t\t<\/div>\n\t\t\t\t<div class=\"elementor-element elementor-element-5254678 elementor-widget elementor-widget-heading\" data-id=\"5254678\" data-element_type=\"widget\" data-e-type=\"widget\" data-widget_type=\"heading.default\">\n\t\t\t\t<div class=\"elementor-widget-container\">\n\t\t\t\t\t<h2 class=\"elementor-heading-title elementor-size-default\">Ein neuer Name, ein Neuanfang<\/h2>\t\t\t\t<\/div>\n\t\t\t\t<\/div>\n\t\t\t\t<div class=\"elementor-element elementor-element-ab4dd8a elementor-widget elementor-widget-text-editor\" data-id=\"ab4dd8a\" data-element_type=\"widget\" data-e-type=\"widget\" data-widget_type=\"text-editor.default\">\n\t\t\t\t<div class=\"elementor-widget-container\">\n\t\t\t\t\t\t\t\t\t<p data-start=\"571\" data-end=\"788\">Manchmal passt Ihr derzeitiger Name nicht mehr zu dem, was Sie sind oder was Sie anstreben. Vielleicht sind Sie gerade erst am Anfang und haben noch keinen Namen. Oder Sie wollen mit einer Marke neu anfangen, die wirklich stimmt. Dann ist ein guter Name Gold wert.<\/p><p data-start=\"790\" data-end=\"1109\">Ein starker Name ist mehr als nur ein sch\u00f6nes Wort - er erz\u00e4hlt etwas \u00fcber Ihre Geschichte, weckt Gef\u00fchle und bleibt haften. Gemeinsam betrachten wir Ihren Kern, Ihre Zielgruppe und Ihre Ambitionen und \u00fcbersetzen dies in einen Namen, der zu Ihnen passt. Ob Neuanfang oder Rebranding: Ein starker Name gibt Orientierung, Wiedererkennbarkeit und Vertrauen. Das letzte Puzzlest\u00fcck ist ein starker Name (Registrierung). <a href=\"\/de\/domanennamen\/\">Domain-Name<\/a>.<\/p>\t\t\t\t\t\t\t\t<\/div>\n\t\t\t\t<\/div>\n\t\t\t\t<div class=\"elementor-element elementor-element-ea0a480 elementor-widget elementor-widget-heading\" data-id=\"ea0a480\" data-element_type=\"widget\" data-e-type=\"widget\" data-widget_type=\"heading.default\">\n\t\t\t\t<div class=\"elementor-widget-container\">\n\t\t\t\t\t<h2 class=\"elementor-heading-title elementor-size-default\">Wof\u00fcr stehen Sie und warum ist das wichtig?<\/h2>\t\t\t\t<\/div>\n\t\t\t\t<\/div>\n\t\t\t\t<div class=\"elementor-element elementor-element-a92a6d6 elementor-widget elementor-widget-text-editor\" data-id=\"a92a6d6\" data-element_type=\"widget\" data-e-type=\"widget\" data-widget_type=\"text-editor.default\">\n\t\t\t\t<div class=\"elementor-widget-container\">\n\t\t\t\t\t\t\t\t\t<p data-start=\"342\" data-end=\"639\">Eine starke Marke beginnt mit dem Herzst\u00fcck Ihres Unternehmens. Was treibt Sie an? Woran glauben Sie? Und was wollen Sie f\u00fcr Ihre Kunden bedeuten? Beim Branding geht es nicht nur um ein sch\u00f6nes Logo oder eine Trendfarbe, sondern um Ihre Geschichte. Was macht Sie anders als andere? Und warum sollten sich die Menschen gerade f\u00fcr Sie entscheiden?<\/p><p data-start=\"641\" data-end=\"896\">Wenn Sie sich dar\u00fcber im Klaren sind, wird alles einfacher: Ihre Kommunikation wirkt nat\u00fcrlich, die Kunden erkennen sich in Ihrer Botschaft wieder und Sie ziehen Menschen an, die wirklich zu Ihnen passen. Sie ist die Grundlage f\u00fcr alles, was Sie tun, von Ihrer Website bis zu Ihrem ersten Kundengespr\u00e4ch.<\/p>\t\t\t\t\t\t\t\t<\/div>\n\t\t\t\t<\/div>\n\t\t\t\t<div class=\"elementor-element elementor-element-62e41fd elementor-widget elementor-widget-heading\" data-id=\"62e41fd\" data-element_type=\"widget\" data-e-type=\"widget\" data-widget_type=\"heading.default\">\n\t\t\t\t<div class=\"elementor-widget-container\">\n\t\t\t\t\t<h2 class=\"elementor-heading-title elementor-size-default\">Der Anfang ist gemacht, jetzt geht es an die Ausarbeitung.<\/h2>\t\t\t\t<\/div>\n\t\t\t\t<\/div>\n\t\t\t\t<div class=\"elementor-element elementor-element-71ba6e9 elementor-widget elementor-widget-text-editor\" data-id=\"71ba6e9\" data-element_type=\"widget\" data-e-type=\"widget\" data-widget_type=\"text-editor.default\">\n\t\t\t\t<div class=\"elementor-widget-container\">\n\t\t\t\t\t\t\t\t\t<p data-start=\"342\" data-end=\"639\">Wir setzen die Positionierung und das Branding um, die wir festgelegt haben. Zun\u00e4chst (re)stylen wir Ihr <a href=\"\/de\/gestaltung-von-logo-und-corporate-identity\/\">Logo und Hausstil<\/a>. Und zwar in allen Formen der Kommunikation. Wo alles Sinn macht und Vertrauen weckt. Denn: Anerkennung und Vertrauen kommen nicht von allein. Sie wachsen durch Best\u00e4ndigkeit und Gef\u00fchl. Das bedeutet: ein Stil, ein Gesicht, ein Ton. \u00dcberall, wo Sie kommunizieren, auf Ihrer Website und in Ihrer Werbung.<\/p>\t\t\t\t\t\t\t\t<\/div>\n\t\t\t\t<\/div>\n\t\t\t\t<div class=\"elementor-element elementor-element-168d3cd elementor-widget elementor-widget-heading\" data-id=\"168d3cd\" data-element_type=\"widget\" data-e-type=\"widget\" data-widget_type=\"heading.default\">\n\t\t\t\t<div class=\"elementor-widget-container\">\n\t\t\t\t\t<h2 class=\"elementor-heading-title elementor-size-default\">Mehr Kunden generieren<\/h2>\t\t\t\t<\/div>\n\t\t\t\t<\/div>\n\t\t\t\t<div class=\"elementor-element elementor-element-d6e5f06 elementor-widget elementor-widget-text-editor\" data-id=\"d6e5f06\" data-element_type=\"widget\" data-e-type=\"widget\" data-widget_type=\"text-editor.default\">\n\t\t\t\t<div class=\"elementor-widget-container\">\n\t\t\t\t\t\t\t\t\t<p>Sie haben eine starke Geschichte und ein wiedererkennbares, passendes Image; jetzt ist es an der Zeit, gefunden zu werden. Online denken <a href=\"\/de\/seo\/\">Auffindbarkeit (SEO)<\/a>, <a href=\"\/de\/meer\/\">Bezahlte Online-Werbung (SEA)<\/a>, <a href=\"\/de\/e-mail-marketing-newsletter\/\">Newsletters versenden<\/a>, eine richtige Kombination aus <a href=\"\/de\/druckwerk\/\">Druckwerk<\/a> und andere M\u00f6glichkeiten, Ihre Zielgruppe zum richtigen Zeitpunkt zu erreichen.<\/p>\t\t\t\t\t\t\t\t<\/div>\n\t\t\t\t<\/div>\n\t\t\t\t<\/div>\n\t\t<div class=\"elementor-element elementor-element-c91e47d e-con-full e-flex e-con e-child\" data-id=\"c91e47d\" data-element_type=\"container\" data-e-type=\"container\">\n\t\t\t\t<div class=\"elementor-element elementor-element-aa6687b elementor-widget elementor-widget-template\" data-id=\"aa6687b\" data-element_type=\"widget\" data-e-type=\"widget\" data-widget_type=\"template.default\">\n\t\t\t\t<div class=\"elementor-widget-container\">\n\t\t\t\t\t\t\t<div class=\"elementor-template\">\n\t\t\t\t\t<div data-elementor-type=\"container\" data-elementor-id=\"32755\" class=\"elementor elementor-32755\" data-elementor-post-type=\"elementor_library\">\n\t\t\t\t<div class=\"elementor-element elementor-element-5c40c2d1 e-con-full e-flex e-con e-child\" data-id=\"5c40c2d1\" data-element_type=\"container\" data-e-type=\"container\">\n\t\t<div class=\"elementor-element elementor-element-37fcb98 e-flex e-con-boxed e-con e-child\" data-id=\"37fcb98\" data-element_type=\"container\" data-e-type=\"container\">\n\t\t\t\t\t<div class=\"e-con-inner\">\n\t\t<div class=\"elementor-element elementor-element-04eaa57 e-con-full e-flex e-con e-child\" data-id=\"04eaa57\" data-element_type=\"container\" data-e-type=\"container\">\n\t\t\t\t<div class=\"elementor-element elementor-element-4051e52b elementor-widget elementor-widget-image\" data-id=\"4051e52b\" data-element_type=\"widget\" data-e-type=\"widget\" data-widget_type=\"image.default\">\n\t\t\t\t<div class=\"elementor-widget-container\">\n\t\t\t\t\t\t\t\t\t\t\t\t\t\t\t<img decoding=\"async\" width=\"1024\" height=\"482\" src=\"https:\/\/impression.nl\/wp-content\/uploads\/2020\/04\/Dyksterbuorren33Menaam-02-gray-1024x482.jpg\" class=\"attachment-large size-large wp-image-24132\" alt=\"\" srcset=\"https:\/\/impression.nl\/wp-content\/uploads\/2020\/04\/Dyksterbuorren33Menaam-02-gray-1024x482.jpg 1024w, https:\/\/impression.nl\/wp-content\/uploads\/2020\/04\/Dyksterbuorren33Menaam-02-gray-300x141.jpg 300w, https:\/\/impression.nl\/wp-content\/uploads\/2020\/04\/Dyksterbuorren33Menaam-02-gray-768x361.jpg 768w, https:\/\/impression.nl\/wp-content\/uploads\/2020\/04\/Dyksterbuorren33Menaam-02-gray-1536x723.jpg 1536w, https:\/\/impression.nl\/wp-content\/uploads\/2020\/04\/Dyksterbuorren33Menaam-02-gray-20x9.jpg 20w, https:\/\/impression.nl\/wp-content\/uploads\/2020\/04\/Dyksterbuorren33Menaam-02-gray.jpg 1800w\" sizes=\"(max-width: 1024px) 100vw, 1024px\" title=\"\">\t\t\t\t\t\t\t\t\t\t\t\t\t\t\t<\/div>\n\t\t\t\t<\/div>\n\t\t\t\t<\/div>\n\t\t<div class=\"elementor-element elementor-element-9020392 e-con-full e-flex e-con e-child\" data-id=\"9020392\" data-element_type=\"container\" data-e-type=\"container\">\n\t\t\t\t<div class=\"elementor-element elementor-element-35ac1664 elementor-widget elementor-widget-heading\" data-id=\"35ac1664\" data-element_type=\"widget\" data-e-type=\"widget\" data-widget_type=\"heading.default\">\n\t\t\t\t<div class=\"elementor-widget-container\">\n\t\t\t\t\t<h2 class=\"elementor-heading-title elementor-size-default\">Direkter Kontakt<\/h2>\t\t\t\t<\/div>\n\t\t\t\t<\/div>\n\t\t\t\t<div class=\"elementor-element elementor-element-136f0836 jedv-enabled--yes elementor-widget elementor-widget-text-editor\" data-id=\"136f0836\" data-element_type=\"widget\" data-e-type=\"widget\" data-widget_type=\"text-editor.default\">\n\t\t\t\t<div class=\"elementor-widget-container\">\n\t\t\t\t\t\t\t\t\tM\u00f6chten Sie sofort mehr \u00fcber Branding erfahren? Rufen Sie uns an oder schicken Sie uns eine E-Mail, und Mike oder ein Kollege wird Ihnen schnell helfen oder mit Ihnen sprechen.\t\t\t\t\t\t\t\t<\/div>\n\t\t\t\t<\/div>\n\t\t<div class=\"elementor-element elementor-element-1e64e283 e-con-full e-flex e-con e-child\" data-id=\"1e64e283\" data-element_type=\"container\" data-e-type=\"container\">\n\t\t\t\t<div class=\"elementor-element elementor-element-3bf24a74 elementor-widget elementor-widget-button\" data-id=\"3bf24a74\" data-element_type=\"widget\" data-e-type=\"widget\" data-widget_type=\"button.default\">\n\t\t\t\t<div class=\"elementor-widget-container\">\n\t\t\t\t\t\t\t\t\t<div class=\"elementor-button-wrapper\">\n\t\t\t\t\t<a class=\"elementor-button elementor-button-link elementor-size-sm\" href=\"mailto:info@impression.nl\" target=\"_blank\">\n\t\t\t\t\t\t<span class=\"elementor-button-content-wrapper\">\n\t\t\t\t\t\t<span class=\"elementor-button-icon\">\n\t\t\t\t<svg xmlns=\"http:\/\/www.w3.org\/2000\/svg\" id=\"a\" viewbox=\"0 0 48 30.09\"><path d=\"M16.87,24.09c-.13-.14-.24-.46-.21-.66l2.31-18.13c.11-.24.37-.32.63-.31l26.44.05c.27.2.42.49.38.84l-2.3,18.04c-.17.25-.43.4-.74.39l-26.18-.03c-.1-.05-.25-.11-.32-.19ZM43.42,6.49h-21.89l9.78,9.64,12.12-9.64ZM18.43,21.77l9.07-7.18-7.34-7.26-1.73,14.44ZM42.95,21.96l1.68-14.44-9.07,7.17,7.39,7.27ZM41.54,22.81l-7.17-7.12c-.31-.05-2.49,2.18-3.09,2.21-.74.04-1.89-1.72-2.51-2.14-.08-.06-.13-.11-.24-.05l-8.89,7.09h21.89Z\"><\/path><path d=\"M26.08,28.31c-.13.13-.48.22-.67.22H9.4c-1.01-.05-1.1-1.39-.09-1.51h16.28c.64,0,.9.87.49,1.29Z\"><\/path><path d=\"M1.94,16.73l8.87-.02c.86.36.64,1.43-.28,1.5-2.58-.22-5.62.28-8.14,0-.9-.1-1.25-.95-.45-1.48Z\"><\/path><path d=\"M5.49,11.58l8.31-.02c1.09.36.76,1.39-.38,1.5-2.33.23-5.02-.17-7.39,0-.93-.02-1.43-.93-.54-1.48Z\"><\/path><path d=\"M3.62,6.33c.78-.14,4.59-.14,5.4-.02.88.13,1,1.18.19,1.49H3.51c-.75-.12-.74-1.32.11-1.48Z\"><\/path><path d=\"M7.42,22.08c.08-.11.34-.2.48-.22,1.34-.17,3.02.13,4.4,0,.8.35.73,1.36-.19,1.49-.76.11-3.34.11-4.1,0-.66-.09-1-.77-.59-1.28Z\"><\/path><path d=\"M4.14,28.31c-.24-.24-.27-.72-.07-1,.35-.5,2.67-.59,2.25.75-.2.64-1.83.6-2.18.25Z\"><\/path><path d=\"M14.66,6.52c.37.32.22,1.13-.23,1.27-.18.05-1.37.05-1.55,0-.48-.14-.62-1.05-.13-1.32.4-.22,1.55-.25,1.91.06Z\"><\/path><path d=\"M29.26,2.44c-.11.13-.4.23-.57.22l-19.14-.06c-.74-.54-.42-1.48.51-1.45h18.44c.71-.08,1.23.74.76,1.29Z\"><\/path><path d=\"M33.28,1.17c.32-.07,1.58-.06,1.9.02.82.21.72,1.33-.05,1.45-.31.05-1.75.05-2.01-.04-.64-.21-.57-1.27.17-1.44Z\"><\/path><\/svg>\t\t\t<\/span>\n\t\t\t\t\t\t\t\t\t<span class=\"elementor-button-text\">info@impression.nl<\/span>\n\t\t\t\t\t<\/span>\n\t\t\t\t\t<\/a>\n\t\t\t\t<\/div>\n\t\t\t\t\t\t\t\t<\/div>\n\t\t\t\t<\/div>\n\t\t\t\t<div class=\"elementor-element elementor-element-3d1fde7f elementor-widget elementor-widget-button\" data-id=\"3d1fde7f\" data-element_type=\"widget\" data-e-type=\"widget\" data-widget_type=\"button.default\">\n\t\t\t\t<div class=\"elementor-widget-container\">\n\t\t\t\t\t\t\t\t\t<div class=\"elementor-button-wrapper\">\n\t\t\t\t\t<a class=\"elementor-button elementor-button-link elementor-size-sm\" href=\"tel:0031583690130\" target=\"_blank\">\n\t\t\t\t\t\t<span class=\"elementor-button-content-wrapper\">\n\t\t\t\t\t\t<span class=\"elementor-button-icon\">\n\t\t\t\t<i aria-hidden=\"true\" class=\"lnr lnr-phone-handset\"><\/i>\t\t\t<\/span>\n\t\t\t\t\t\t\t\t\t<span class=\"elementor-button-text\">Menaam anrufen<\/span>\n\t\t\t\t\t<\/span>\n\t\t\t\t\t<\/a>\n\t\t\t\t<\/div>\n\t\t\t\t\t\t\t\t<\/div>\n\t\t\t\t<\/div>\n\t\t\t\t<div class=\"elementor-element elementor-element-388d1578 elementor-widget elementor-widget-button\" data-id=\"388d1578\" data-element_type=\"widget\" data-e-type=\"widget\" data-widget_type=\"button.default\">\n\t\t\t\t<div class=\"elementor-widget-container\">\n\t\t\t\t\t\t\t\t\t<div class=\"elementor-button-wrapper\">\n\t\t\t\t\t<a class=\"elementor-button elementor-button-link elementor-size-sm\" href=\"Tel: 0031228318025\" target=\"_blank\">\n\t\t\t\t\t\t<span class=\"elementor-button-content-wrapper\">\n\t\t\t\t\t\t<span class=\"elementor-button-icon\">\n\t\t\t\t<i aria-hidden=\"true\" class=\"lnr lnr-phone-handset\"><\/i>\t\t\t<\/span>\n\t\t\t\t\t\t\t\t\t<span class=\"elementor-button-text\">Enkhuizen anrufen<\/span>\n\t\t\t\t\t<\/span>\n\t\t\t\t\t<\/a>\n\t\t\t\t<\/div>\n\t\t\t\t\t\t\t\t<\/div>\n\t\t\t\t<\/div>\n\t\t\t\t<\/div>\n\t\t\t\t<\/div>\n\t\t\t\t\t<\/div>\n\t\t\t\t<\/div>\n\t\t<div class=\"elementor-element elementor-element-ebda495 e-con-full e-flex e-con e-child\" data-id=\"ebda495\" data-element_type=\"container\" data-e-type=\"container\">\n\t\t\t\t<div class=\"elementor-element elementor-element-77dd1e43 elementor-widget elementor-widget-heading\" data-id=\"77dd1e43\" data-element_type=\"widget\" data-e-type=\"widget\" data-widget_type=\"heading.default\">\n\t\t\t\t<div class=\"elementor-widget-container\">\n\t\t\t\t\t<h2 class=\"elementor-heading-title elementor-size-default\"><a href=\"#contact\">oder f\u00fcllen Sie das Kontaktformular aus<\/a><\/h2>\t\t\t\t<\/div>\n\t\t\t\t<\/div>\n\t\t\t\t<div class=\"elementor-element elementor-element-29b4c2c3 elementor-view-default elementor-widget elementor-widget-icon\" data-id=\"29b4c2c3\" data-element_type=\"widget\" data-e-type=\"widget\" data-widget_type=\"icon.default\">\n\t\t\t\t<div class=\"elementor-widget-container\">\n\t\t\t\t\t\t\t<div class=\"elementor-icon-wrapper\">\n\t\t\t<a class=\"elementor-icon\" href=\"#contact\">\n\t\t\t<i aria-hidden=\"true\" class=\"fas fa-arrow-down\"><\/i>\t\t\t<\/a>\n\t\t<\/div>\n\t\t\t\t\t\t<\/div>\n\t\t\t\t<\/div>\n\t\t\t\t<\/div>\n\t\t\t\t<\/div>\n\t\t\t\t<\/div>\n\t\t\t\t<\/div>\n\t\t\t\t\t\t<\/div>\n\t\t\t\t<\/div>\n\t\t\t\t<\/div>\n\t\t\t\t\t<\/div>\n\t\t\t\t<\/div>\n\t\t\t\t<\/div>","protected":false},"excerpt":{"rendered":"<p>Ein passender Name, die richtige Positionierung; wer sind Sie, f\u00fcr wen sind Sie da und warum sind Sie die beste Wahl?<\/p>","protected":false},"author":1,"featured_media":32640,"parent":32455,"menu_order":1,"comment_status":"closed","ping_status":"closed","template":"","meta":{"iawp_total_views":122,"footnotes":""},"class_list":["post-33359","page","type-page","status-publish","has-post-thumbnail","hentry"],"_links":{"self":[{"href":"https:\/\/impression.nl\/de\/wp-json\/wp\/v2\/pages\/33359","targetHints":{"allow":["GET"]}}],"collection":[{"href":"https:\/\/impression.nl\/de\/wp-json\/wp\/v2\/pages"}],"about":[{"href":"https:\/\/impression.nl\/de\/wp-json\/wp\/v2\/types\/page"}],"author":[{"embeddable":true,"href":"https:\/\/impression.nl\/de\/wp-json\/wp\/v2\/users\/1"}],"replies":[{"embeddable":true,"href":"https:\/\/impression.nl\/de\/wp-json\/wp\/v2\/comments?post=33359"}],"version-history":[{"count":0,"href":"https:\/\/impression.nl\/de\/wp-json\/wp\/v2\/pages\/33359\/revisions"}],"up":[{"embeddable":true,"href":"https:\/\/impression.nl\/de\/wp-json\/wp\/v2\/pages\/32455"}],"wp:featuredmedia":[{"embeddable":true,"href":"https:\/\/impression.nl\/de\/wp-json\/wp\/v2\/media\/32640"}],"wp:attachment":[{"href":"https:\/\/impression.nl\/de\/wp-json\/wp\/v2\/media?parent=33359"}],"curies":[{"name":"wp","href":"https:\/\/api.w.org\/{rel}","templated":true}]}}