{"id":162,"date":"2018-06-14T13:35:10","date_gmt":"2018-06-14T13:35:10","guid":{"rendered":"http:\/\/impression.playground.impression.nl\/?page_id=162"},"modified":"2025-06-02T14:43:13","modified_gmt":"2025-06-02T12:43:13","slug":"declaration-de-confidentialite","status":"publish","type":"page","link":"https:\/\/impression.nl\/fr\/privacyverklaring\/","title":{"rendered":"D\u00e9claration de confidentialit\u00e9"},"content":{"rendered":"<div data-elementor-type=\"wp-post\" data-elementor-id=\"162\" class=\"elementor elementor-162\" data-elementor-post-type=\"page\">\n\t\t\t\t<div class=\"elementor-element elementor-element-e7c400e section-l section-narrow e-flex e-con-boxed e-con e-parent\" data-id=\"e7c400e\" data-element_type=\"container\" data-e-type=\"container\">\n\t\t\t\t\t<div class=\"e-con-inner\">\n\t\t<div class=\"elementor-element elementor-element-5ce90d6 e-con-full e-flex e-con e-child\" data-id=\"5ce90d6\" data-element_type=\"container\" data-e-type=\"container\">\n\t\t\t\t<div class=\"elementor-element elementor-element-d00094d elementor-widget elementor-widget-heading\" data-id=\"d00094d\" data-element_type=\"widget\" data-e-type=\"widget\" data-widget_type=\"heading.default\">\n\t\t\t\t<div class=\"elementor-widget-container\">\n\t\t\t\t\t<h1 class=\"elementor-heading-title elementor-size-default\">d\u00e9claration de confidentialit\u00e9 impression \u00ae | creative design agency<\/h1>\t\t\t\t<\/div>\n\t\t\t\t<\/div>\n\t\t\t\t<div class=\"elementor-element elementor-element-99756a2 elementor-widget elementor-widget-text-editor\" data-id=\"99756a2\" data-element_type=\"widget\" data-e-type=\"widget\" data-widget_type=\"text-editor.default\">\n\t\t\t\t<div class=\"elementor-widget-container\">\n\t\t\t\t\t\t\t\t\t<h6>18 novembre 2022<\/h6>\n<p>Votre vie priv\u00e9e est d'une grande importance pour impression \u00ae | creative design agency. Nous nous conformons donc \u00e0 la loi sur la protection de la vie priv\u00e9e. Cela signifie que vos donn\u00e9es sont en s\u00e9curit\u00e9 chez nous et que nous les utilisons toujours correctement. Dans cette d\u00e9claration de confidentialit\u00e9, nous expliquons tout ce que nous faisons sur le site Impression.nl avec les informations que nous obtenons sur vous.<\/p>\n<p>Si vous avez des questions, ou si vous voulez savoir exactement ce que nous suivons \u00e0 votre sujet, veuillez contacter impression \u00ae | creative design agency.<\/p>\n<p><b>Ordre de traitement<\/b><br>Lorsque vous passez une commande chez nous, nous utilisons vos donn\u00e9es personnelles pour pouvoir les traiter correctement. Nous pouvons ensuite fournir vos donn\u00e9es personnelles \u00e0 notre service de livraison pour que la commande vous soit livr\u00e9e. Nous recevons \u00e9galement des informations sur votre paiement de votre banque ou soci\u00e9t\u00e9 de carte de cr\u00e9dit.<\/p>\n<p>Pour ce faire, nous utilisons votre nom, votre adresse, votre adresse \u00e9lectronique, votre num\u00e9ro de t\u00e9l\u00e9phone et votre adresse de facturation. Nous faisons cela en fonction de votre permission. Nous conservons ces informations jusqu&#039;\u00e0 la finalisation de votre commande et sept ans apr\u00e8s (obligation l\u00e9gale de conservation).<\/p>\n<p><b>Acc\u00e8s au portail<\/b><br>Avec notre portail, vous avez acc\u00e8s \u00e0 un environnement de gestion dans lequel vous pouvez d\u00e9finir, sp\u00e9cifier et modifier vous-m\u00eame des \u00e9l\u00e9ments pour le site Web. Nous gardons une trace de ce que vous avez fait et quand, afin qu\u2019il en soit la preuve.<\/p>\n<p>Pour cela, nous utilisons vos nom, adresse, adresse de facturation, num\u00e9ro de t\u00e9l\u00e9phone et adresse e-mail. Nous faisons cela en fonction de votre permission. Nous conservons ces informations jusqu&#039;\u00e0 six mois apr\u00e8s la fin du service.<\/p>\n<p><b>Statistiques et profilage<\/b><br>Nous conservons des statistiques sur l&#039;utilisation de notre site Web. Gr\u00e2ce \u00e0 ces statistiques, nous am\u00e9liorons notre site Web afin que, par exemple, seules les informations pertinentes soient affich\u00e9es. Nous pouvons combiner vos donn\u00e9es personnelles pour en savoir plus sur vous. Bien entendu, nous respecterons votre vie priv\u00e9e. Si vous ne le souhaitez pas, vous pouvez toujours nous le signaler.<\/p>\n<p>Pour cela, nous utilisons votre num\u00e9ro de t\u00e9l\u00e9phone, votre adresse e-mail, vos nom et adresse et votre adresse de facturation. Nous faisons cela en fonction de votre permission. Nous conservons cette information pendant un an.<\/p>\n<p><b>Faire des achats in-app<\/b><br>Vous pouvez acheter des articles sur notre site Web Impression.nl o\u00f9 nous utilisons vos donn\u00e9es personnelles pour traiter et enregistrer l&#039;achat.<\/p>\n<p>Pour cela, nous utilisons votre adresse e-mail, votre adresse de facturation, vos nom et adresse et votre num\u00e9ro de t\u00e9l\u00e9phone. Nous faisons cela en fonction de votre permission. Nous conservons ces informations jusqu&#039;\u00e0 la finalisation de votre commande et sept ans apr\u00e8s (obligation l\u00e9gale de conservation).<\/p>\n<p><b>Souscrire un abonnement<\/b><br>Vous pouvez souscrire un abonnement payant sur notre site Web Impression.nl, o\u00f9 nous utilisons vos donn\u00e9es personnelles pour traiter le paiement.<\/p>\n<p>Pour ce faire, nous utilisons votre adresse de facturation, votre num\u00e9ro de t\u00e9l\u00e9phone, votre adresse e-mail ainsi que vos nom et adresse. Nous faisons cela en fonction de votre permission. Nous conservons ces informations jusqu&#039;\u00e0 ce que vous r\u00e9siliez votre abonnement et sept ans plus tard (c&#039;est l&#039;obligation de r\u00e9tention l\u00e9gale).<\/p>\n<p><b>Formulaire de contact<\/b> <b>et<\/b> <b>Bulletin d&#039;information<\/b><br>Avec le formulaire de contact, vous pouvez nous poser des questions ou faire des demandes.<\/p>\n<p>Pour cela, nous utilisons votre adresse de facturation, votre adresse e-mail, votre num\u00e9ro de t\u00e9l\u00e9phone et vos nom et adresse. Nous faisons cela en fonction de votre permission. Nous conservons ces informations jusqu&#039;\u00e0 ce que nous soyons s\u00fbrs que vous soyez satisfait de notre r\u00e9ponse.<\/p>\n<p>Vous pouvez vous inscrire \u00e0 notre newsletter. Ici, vous pouvez lire des nouvelles, des conseils et des informations sur nos produits et services. Vous pouvez annuler cet abonnement \u00e0 tout moment. Chaque newsletter contient un lien de d\u00e9sinscription. Vous pouvez \u00e9galement le transmettre via votre compte. Vous pouvez \u00e9galement le transmettre via le portail.<br>Votre adresse e-mail ne sera ajout\u00e9e \u00e0 la liste des abonn\u00e9s qu&#039;avec votre permission. Ces donn\u00e9es sont stock\u00e9es jusqu&#039;\u00e0 trois mois apr\u00e8s l&#039;annulation de votre abonnement.<\/p>\n<p><b>Cr\u00e9dits d&#039;achat<\/b><br>Certaines choses chez Impression.nl fonctionnent avec des cr\u00e9dits, que vous devez acheter \u00e0 l&#039;avance, et dans lesquelles nous utilisons vos donn\u00e9es personnelles pour traiter l&#039;achat et enregistrer les cr\u00e9dits.<\/p>\n<p>Pour cela, nous utilisons votre adresse e-mail, nom et adresse, num\u00e9ro de t\u00e9l\u00e9phone et adresse de facturation. Nous faisons cela en fonction de votre permission. Nous conservons ces informations jusqu&#039;\u00e0 la finalisation de votre commande et sept ans apr\u00e8s (obligation l\u00e9gale de conservation).<\/p>\n<p><b>Votre compte<\/b><br>Vous devez d&#039;abord vous inscrire pour certaines parties de notre site Web. Vous devez ensuite fournir des informations vous concernant et choisir un nom d&#039;utilisateur. Avec cela, nous cr\u00e9ons un compte sur lequel vous pouvez vous connecter avec le nom d&#039;utilisateur et le mot de passe de votre choix.<\/p>\n<p>Pour cela, nous utilisons vos nom, adresse, num\u00e9ro de t\u00e9l\u00e9phone, adresse e-mail et adresse de facturation. Nous avons besoin de cela \u00e0 cause du contrat que nous avons conclu avec vous. Nous conservons ces informations jusqu&#039;\u00e0 six mois apr\u00e8s la fermeture du compte.<\/p>\n<p>Nous sauvegardons ces informations afin que vous n&#039;ayez pas \u00e0 les saisir encore et encore et que nous puissions vous contacter plus facilement si n\u00e9cessaire sur le site. Vous pouvez modifier les informations via votre compte \u00e0 tout moment.<\/p>\n<p><b>La publicit\u00e9<\/b><br>Nous aimerions vous envoyer de la publicit\u00e9 sur les offres et les nouveaux produits ou services. Nous faisons ceci:<\/p>\n<ul>\n<li>par e-mail<\/li>\n<li>via les m\u00e9dias sociaux<\/li>\n<li>par t\u00e9l\u00e9phone<\/li>\n<\/ul>\n<p><br>Vous pouvez vous opposer \u00e0 cette publicit\u00e9 \u00e0 tout moment. Chaque e-mail contient un lien de d\u00e9sinscription. Vous pouvez nous bloquer ou utiliser l&#039;option de d\u00e9sinscription. Vous pouvez l&#039;indiquer lorsque vous recevez un appel. Vous pouvez \u00e9galement le transmettre via votre compte. Vous pouvez \u00e9galement le transmettre via le portail.<br><\/p>\n<p><b>Informations de localisation<\/b><br>Il est parfois n\u00e9cessaire que notre site Web Impression.nl sache o\u00f9 vous vous trouvez. Nous demanderons ensuite s\u00e9par\u00e9ment si nous sommes autoris\u00e9s \u00e0 le savoir et si nous le faisons, nous recevrons cette information.<\/p>\n<p>Pour ce service, nous utilisons le logiciel de navigation et de localisation sur votre t\u00e9l\u00e9phone, votre tablette ou votre ordinateur. Nous n&#039;avons aucun contr\u00f4le sur ce que les cr\u00e9ateurs de ce logiciel (tels que Google Maps) en font. Alors, lisez toujours leurs d\u00e9clarations de confidentialit\u00e9.<\/p>\n<p><b>Fournir \u00e0 d&#039;autres entreprises ou institutions<\/b><br>Nous ne communiquerons en aucun cas vos donn\u00e9es personnelles \u00e0 d&#039;autres soci\u00e9t\u00e9s ou institutions, sauf si cela est n\u00e9cessaire pour notre site Web ou si nous sommes l\u00e9galement tenus de le faire (par exemple, si la police l&#039;exige en cas de soup\u00e7on de crime).<\/p>\n<p>Des boutons de m\u00e9dias sociaux sont inclus sur notre site Web. Avec cela, les administrateurs de ces services collectent vos donn\u00e9es personnelles.<br><b>Biscuits<\/b><br>Notre site web utilise des cookies. Les cookies sont de petits fichiers dans lesquels nous pouvons stocker des informations afin que vous n'ayez pas \u00e0 les remplir \u00e0 chaque fois. Mais ils nous permettent \u00e9galement de voir que vous nous rendez \u00e0 nouveau visite. Lorsque vous visitez notre site web pour la premi\u00e8re fois, nous affichons un message expliquant les cookies. Nous vous demanderons ici votre consentement \u00e0 l'utilisation de ces cookies. Vous pouvez d\u00e9sactiver les cookies via votre navigateur, mais certains \u00e9l\u00e9ments de notre site web ne fonctionneront alors plus correctement.<\/p>\n<p><b>Google Analytics<\/b><br>Nous utilisons Google Analytics pour savoir comment les visiteurs utilisent notre site Web. Nous avons conclu un accord de traitement avec Google. Il contient des accords stricts sur ce qu&#039;ils peuvent garder. Nous autorisons Google \u00e0 utiliser les informations analytiques obtenues pour d&#039;autres services Google. Nous n&#039;autorisons pas Google \u00e0 anonymiser les adresses IP.<\/p>\n<p><b>La s\u00e9curit\u00e9<\/b><br>La s\u00e9curit\u00e9 des donn\u00e9es personnelles est tr\u00e8s importante pour nous. Nous nous assurons que vos donn\u00e9es sont correctement s\u00e9curis\u00e9es avec nous. Nous ajustons toujours la s\u00e9curit\u00e9 et pr\u00eatons une attention particuli\u00e8re \u00e0 ce qui peut mal tourner.<\/p>\n<p><b>Changements \u00e0 cette d\u00e9claration de confidentialit\u00e9<\/b><br>Lorsque notre site Web change, nous devons bien s\u00fbr \u00e9galement adapter la d\u00e9claration de confidentialit\u00e9. Faites toujours attention \u00e0 la date ci-dessus et v\u00e9rifiez r\u00e9guli\u00e8rement les nouvelles versions. Nous ferons de notre mieux pour annoncer les modifications s\u00e9par\u00e9ment.<\/p>\n<p><b>Afficher, modifier et supprimer vos donn\u00e9es<\/b><br>Si vous avez des questions ou souhaitez conna\u00eetre les donn\u00e9es personnelles que nous avons \u00e0 votre sujet, vous pouvez toujours nous contacter. Voir les coordonn\u00e9es ci-dessous.<\/p>\n<p>Vous avez les droits suivants:<\/p>\n<ul>\n<li>obtenir une explication sur les donn\u00e9es personnelles que nous avons et ce que nous en faisons<\/li>\n<li>acc\u00e8s aux donn\u00e9es personnelles pr\u00e9cises que nous avons<\/li>\n<li>avoir des erreurs corrig\u00e9es<\/li>\n<li>la suppression des donn\u00e9es personnelles obsol\u00e8tes<\/li>\n<li>retrait de la permission<\/li>\n<li>s&#039;opposer \u00e0 un usage sp\u00e9cifique<\/li>\n<\/ul>\n<p>Veuillez noter que vous devez toujours indiquer clairement qui vous \u00eates, pour que nous soyons s\u00fbrs de ne pas modifier ni supprimer les donn\u00e9es de la mauvaise personne.<\/p>\n<p><b>Soumettre une plainte<\/b><br>Si vous pensez que nous ne vous aidons pas correctement, vous avez le droit de d\u00e9poser une plainte aupr\u00e8s de l&#039;autorit\u00e9 de r\u00e9glementation. C&#039;est ce qu&#039;on appelle l&#039;autorit\u00e9 n\u00e9erlandaise de protection des donn\u00e9es.<\/p>\n<p><b>Informations de contact<\/b><br>impression \u00ae | agence de design cr\u00e9atif<br>Dysterbuorren 33<br>9036 MR Menaam<br>info@impression.nl<br>0228318025<\/p>\t\t\t\t\t\t\t\t<\/div>\n\t\t\t\t<\/div>\n\t\t\t\t<\/div>\n\t\t\t\t\t<\/div>\n\t\t\t\t<\/div>\n\t\t\t\t<\/div>","protected":false},"excerpt":{"rendered":"<p>privacyverklaring impression \u00ae | creative design agency 18 november 2022 Uw privacy is voor impression \u00ae | creative design agency. van groot belang. Wij houden ons dan ook aan de privacywet. Dit betekent dat uw gegevens veilig zijn bij ons en dat wij ze altijd netjes gebruiken. In deze privacyverklaring leggen we uit wat we [&hellip;]<\/p>\n","protected":false},"author":1,"featured_media":0,"parent":0,"menu_order":0,"comment_status":"closed","ping_status":"closed","template":"","meta":{"iawp_total_views":81,"footnotes":""},"class_list":["post-162","page","type-page","status-publish","hentry"],"_links":{"self":[{"href":"https:\/\/impression.nl\/fr\/wp-json\/wp\/v2\/pages\/162","targetHints":{"allow":["GET"]}}],"collection":[{"href":"https:\/\/impression.nl\/fr\/wp-json\/wp\/v2\/pages"}],"about":[{"href":"https:\/\/impression.nl\/fr\/wp-json\/wp\/v2\/types\/page"}],"author":[{"embeddable":true,"href":"https:\/\/impression.nl\/fr\/wp-json\/wp\/v2\/users\/1"}],"replies":[{"embeddable":true,"href":"https:\/\/impression.nl\/fr\/wp-json\/wp\/v2\/comments?post=162"}],"version-history":[{"count":0,"href":"https:\/\/impression.nl\/fr\/wp-json\/wp\/v2\/pages\/162\/revisions"}],"wp:attachment":[{"href":"https:\/\/impression.nl\/fr\/wp-json\/wp\/v2\/media?parent=162"}],"curies":[{"name":"wp","href":"https:\/\/api.w.org\/{rel}","templated":true}]}}