{"id":162,"date":"2018-06-14T13:35:10","date_gmt":"2018-06-14T13:35:10","guid":{"rendered":"http:\/\/impression.playground.impression.nl\/?page_id=162"},"modified":"2025-06-02T14:43:13","modified_gmt":"2025-06-02T12:43:13","slug":"dichiarazione-sulla-privacy","status":"publish","type":"page","link":"https:\/\/impression.nl\/it\/privacyverklaring\/","title":{"rendered":"Dichiarazione sulla privacy"},"content":{"rendered":"<div data-elementor-type=\"wp-post\" data-elementor-id=\"162\" class=\"elementor elementor-162\" data-elementor-post-type=\"page\">\n\t\t\t\t<div class=\"elementor-element elementor-element-e7c400e section-l section-narrow e-flex e-con-boxed e-con e-parent\" data-id=\"e7c400e\" data-element_type=\"container\" data-e-type=\"container\">\n\t\t\t\t\t<div class=\"e-con-inner\">\n\t\t<div class=\"elementor-element elementor-element-5ce90d6 e-con-full e-flex e-con e-child\" data-id=\"5ce90d6\" data-element_type=\"container\" data-e-type=\"container\">\n\t\t\t\t<div class=\"elementor-element elementor-element-d00094d elementor-widget elementor-widget-heading\" data-id=\"d00094d\" data-element_type=\"widget\" data-e-type=\"widget\" data-widget_type=\"heading.default\">\n\t\t\t\t<div class=\"elementor-widget-container\">\n\t\t\t\t\t<h1 class=\"elementor-heading-title elementor-size-default\">informativa sulla privacy impression \u00ae | creative design agency<\/h1>\t\t\t\t<\/div>\n\t\t\t\t<\/div>\n\t\t\t\t<div class=\"elementor-element elementor-element-99756a2 elementor-widget elementor-widget-text-editor\" data-id=\"99756a2\" data-element_type=\"widget\" data-e-type=\"widget\" data-widget_type=\"text-editor.default\">\n\t\t\t\t<div class=\"elementor-widget-container\">\n\t\t\t\t\t\t\t\t\t<h6>18 novembre 2022<\/h6>\n<p>La vostra privacy \u00e8 di grande importanza per l'agenzia di design creativo impression \u00ae |. Pertanto, rispettiamo la legge sulla privacy. Questo significa che i vostri dati sono al sicuro con noi e che li utilizziamo sempre in modo corretto. In questa informativa sulla privacy, spieghiamo tutto ci\u00f2 che facciamo sul sito web Impression.nl con le informazioni che apprendiamo su di voi.<\/p>\n<p>In caso di domande o per sapere esattamente quali informazioni abbiamo su di voi, contattate l'agenzia di design creativo impression \u00ae |.<\/p>\n<p><b>Ordine di processo<\/b><br>Quando effettui un ordine con noi, utilizziamo i tuoi dati personali per essere in grado di gestirli correttamente. Potremmo quindi fornire i tuoi dati personali al nostro servizio di consegna per ricevere l&#039;ordine. Riceviamo anche informazioni sul tuo pagamento dalla tua banca o societ\u00e0 di carte di credito.<\/p>\n<p>Per questo utilizziamo il tuo nome, indirizzo, indirizzo e-mail, numero di telefono e indirizzo di fatturazione. Lo facciamo in base alla tua autorizzazione. Conserviamo queste informazioni fino al completamento dell&#039;ordine e sette anni dopo (che \u00e8 l&#039;obbligo legale di conservare).<\/p>\n<p><b>Accesso al portale<\/b><br>Con il nostro portale \u00e8 possibile accedere a un ambiente di gestione in cui \u00e8 possibile impostare, specificare e modificare le cose per il sito Web da soli. Teniamo traccia di ci\u00f2 che hai fatto e quando, in modo che ci siano prove di ci\u00f2.<\/p>\n<p>Per questo utilizziamo il tuo nome, indirizzo, indirizzo di fatturazione, numero di telefono e indirizzo e-mail. Lo facciamo in base alla tua autorizzazione. Conserviamo queste informazioni per un massimo di sei mesi dopo la fine del servizio.<\/p>\n<p><b>Statistiche e profilazione<\/b><br>Manteniamo statistiche sull&#039;uso del nostro sito Web Con queste statistiche miglioriamo il nostro sito Web in modo che, ad esempio, vengano visualizzate solo le informazioni pertinenti. Possiamo combinare i tuoi dati personali per saperne di pi\u00f9 su di te. Ovviamente rispetteremo sempre la tua privacy. Se non lo desideri, puoi sempre segnalarcelo.<\/p>\n<p>Per questo utilizziamo il tuo numero di telefono, indirizzo e-mail, nome e indirizzo e indirizzo di fatturazione. Lo facciamo in base alla tua autorizzazione. Conserviamo queste informazioni per un anno.<\/p>\n<p><b>Effettua acquisti in-app<\/b><br>Puoi acquistare cose sul nostro sito Web Impression.nl dove utilizziamo i tuoi dati personali per elaborare e registrare l&#039;acquisto.<\/p>\n<p>Per questo utilizziamo il tuo indirizzo e-mail, indirizzo di fatturazione, nome e indirizzo e numero di telefono. Lo facciamo in base alla tua autorizzazione. Conserviamo queste informazioni fino al completamento dell&#039;ordine e sette anni dopo (che \u00e8 l&#039;obbligo legale di conservare).<\/p>\n<p><b>Sottoscrivi un abbonamento<\/b><br>Puoi sottoscrivere un abbonamento a pagamento sul nostro sito Web Impression.nl, dove utilizziamo i tuoi dati personali per elaborare il pagamento.<\/p>\n<p>Per questo utilizziamo il tuo indirizzo di fatturazione, numero di telefono, indirizzo e-mail e nome e indirizzo. Lo facciamo in base alla tua autorizzazione. Conserviamo queste informazioni fino a quando non annulli l&#039;abbonamento e successivamente sette anni (che \u00e8 l&#039;obbligo di conservazione legale).<\/p>\n<p><b>Modulo di contatto<\/b> <b>e<\/b> <b>notiziario<\/b><br>Con il modulo di contatto puoi farci domande o fare richieste.<\/p>\n<p>Per questo utilizziamo il tuo indirizzo di fatturazione, indirizzo e-mail, numero di telefono e nome e indirizzo. Lo facciamo in base alla tua autorizzazione. Conserviamo queste informazioni fino a quando non siamo sicuri che tu sia soddisfatto della nostra risposta.<\/p>\n<p>Puoi iscriverti alla nostra newsletter. Qui puoi leggere notizie, suggerimenti e informazioni sui nostri prodotti e servizi. Puoi annullare questo abbonamento in qualsiasi momento. Ogni newsletter contiene un link per annullare l&#039;iscrizione. Puoi anche trasmetterlo tramite il tuo account. Puoi anche trasmetterlo tramite il portale.<br>Il tuo indirizzo e-mail verr\u00e0 aggiunto all&#039;elenco degli abbonati solo con la tua autorizzazione. Questi dati vengono archiviati per un massimo di tre mesi dopo aver annullato l&#039;abbonamento.<\/p>\n<p><b>Acquista crediti<\/b><br>Alcune cose su Impression.nl funzionano con i crediti, che \u00e8 necessario acquistare in anticipo e in cui vengono utilizzati i dati personali per elaborare l&#039;acquisto e registrare i crediti.<\/p>\n<p>Per questo utilizziamo il tuo indirizzo e-mail, nome e indirizzo, numero di telefono e indirizzo di fatturazione. Lo facciamo in base alla tua autorizzazione. Conserviamo queste informazioni fino al completamento dell&#039;ordine e sette anni dopo (che \u00e8 l&#039;obbligo legale di conservare).<\/p>\n<p><b>Il tuo account<\/b><br>Devi prima registrarti per alcune parti del nostro sito web. \u00c8 quindi necessario fornire informazioni su di te e scegliere un nome utente. Con questo creiamo un account, su cui \u00e8 possibile accedere con quel nome utente e una password di propria scelta.<\/p>\n<p>Per questo utilizziamo il tuo nome, indirizzo, numero di telefono, indirizzo e-mail e indirizzo di fatturazione. Ne abbiamo bisogno a causa del contratto che concludiamo con te. Conserviamo queste informazioni per un massimo di sei mesi dopo la chiusura dell&#039;account.<\/p>\n<p>Conserviamo queste informazioni in modo da non doverle inserire pi\u00f9 e pi\u00f9 volte e in modo che possiamo contattarvi pi\u00f9 facilmente, se necessario, sul sito Web. Puoi modificare le informazioni tramite il tuo account ogni volta che vuoi.<\/p>\n<p><b>pubblicit\u00e0<\/b><br>Vorremmo inviarti pubblicit\u00e0 su offerte e nuovi prodotti o servizi. Facciamo questo:<\/p>\n<ul>\n<li>via e-mail<\/li>\n<li>tramite i social media<\/li>\n<li>per telefono<\/li>\n<\/ul>\n<p><br>Puoi opporti a questa pubblicit\u00e0 in qualsiasi momento. Ogni e-mail contiene un collegamento per annullare l&#039;iscrizione. Puoi bloccarci o utilizzare l&#039;opzione di annullamento dell&#039;iscrizione. Puoi indicarlo quando ricevi una chiamata. Puoi anche trasmetterlo tramite il tuo account. Puoi anche trasmetterlo tramite il portale.<br><\/p>\n<p><b>Informazioni sulla posizione<\/b><br>A volte \u00e8 necessario per il nostro sito Web Impression.nl scoprire dove ti trovi. Chiederemo quindi separatamente se ci \u00e8 permesso di sapere questo e solo se tu dai il permesso, riceveremo queste informazioni.<\/p>\n<p>Per questo servizio utilizziamo il software di navigazione e localizzazione sul tuo telefono, tablet o computer. Non abbiamo alcun controllo su ci\u00f2 che i creatori di questo software (come Google Maps) fanno con esso. Quindi leggi sempre le loro dichiarazioni sulla privacy.<\/p>\n<p><b>Fornire ad altre societ\u00e0 o istituzioni<\/b><br>Non forniremo i tuoi dati personali ad altre societ\u00e0 o istituzioni in nessuna circostanza, a meno che ci\u00f2 non sia necessario per il nostro sito Web o se siamo legalmente tenuti a farlo (ad esempio se la polizia lo richiede in caso di sospetto di un crimine).<\/p>\n<p>I pulsanti dei social media sono inclusi nel nostro sito Web. Con questo, gli amministratori di questi servizi raccolgono i tuoi dati personali.<br><b>biscotti<\/b><br>Il nostro sito web utilizza i cookie. I cookie sono piccoli file in cui possiamo memorizzare le informazioni in modo che non dobbiate inserirle ogni volta. Ma ci permettono anche di vedere che siete tornati a trovarci. Quando visitate il nostro sito web per la prima volta, visualizzeremo un messaggio che spiega i cookie. Qui vi chiederemo il consenso all'uso di questi cookie. \u00c8 possibile disabilitare i cookie attraverso il browser, ma alcune funzioni del nostro sito web non funzioneranno pi\u00f9 correttamente.<\/p>\n<p><b>Google Analytics<\/b><br>Utilizziamo Google Analytics per tenere traccia di come i visitatori utilizzano il nostro sito Web. Abbiamo stipulato un accordo di elaborazione con Google. Contiene accordi rigorosi su ci\u00f2 che possono mantenere. Consentiamo a Google di utilizzare le informazioni di Analytics ottenute per altri servizi Google. Non consentiamo a Google di anonimizzare gli indirizzi IP.<\/p>\n<p><b>protezione<\/b><br>La sicurezza dei dati personali \u00e8 molto importante per noi. Garantiamo che i tuoi dati siano adeguatamente protetti con noi. Adeguiamo sempre la sicurezza e prestiamo molta attenzione a ci\u00f2 che pu\u00f2 andare storto.<\/p>\n<p><b>Modifiche alla presente informativa sulla privacy<\/b><br>Quando il nostro sito web cambia, dobbiamo ovviamente modificare anche l&#039;informativa sulla privacy. Prestare sempre attenzione alla data sopra e verificare regolarmente la presenza di nuove versioni. Faremo del nostro meglio per annunciare le modifiche separatamente.<\/p>\n<p><b>Visualizza, modifica ed elimina i tuoi dati<\/b><br>Se hai domande o vuoi sapere quali dati personali abbiamo di te, puoi sempre contattarci. Vedi i dettagli di contatto di seguito.<\/p>\n<p>Hai i seguenti diritti:<\/p>\n<ul>\n<li>ottenere una spiegazione su quali dati personali abbiamo e cosa ne facciamo<\/li>\n<li>accesso ai dati personali precisi che abbiamo<\/li>\n<li>avere errori corretti<\/li>\n<li>la rimozione di dati personali obsoleti<\/li>\n<li>revoca del permesso<\/li>\n<li>opporsi a un uso specifico<\/li>\n<\/ul>\n<p>Tieni presente che devi sempre dichiarare chiaramente chi sei, in modo che siamo sicuri che non modificheremo o elimineremo i dati dalla persona sbagliata.<\/p>\n<p><b>Invia reclamo<\/b><br>Se ritieni che non ti stiamo aiutando nel modo giusto, hai il diritto di presentare un reclamo all&#039;autorit\u00e0 di regolamentazione. Questa \u00e8 chiamata Autorit\u00e0 olandese per la protezione dei dati.<\/p>\n<p><b>Informazioni di contatto<\/b><br>impression \u00ae | agenzia di design creativo<br>Dysterbuorren 33<br>9036 MR Menaam<br>info@impression.nl<br>0228318025<\/p>\t\t\t\t\t\t\t\t<\/div>\n\t\t\t\t<\/div>\n\t\t\t\t<\/div>\n\t\t\t\t\t<\/div>\n\t\t\t\t<\/div>\n\t\t\t\t<\/div>","protected":false},"excerpt":{"rendered":"<p>privacyverklaring impression \u00ae | creative design agency 18 november 2022 Uw privacy is voor impression \u00ae | creative design agency. van groot belang. Wij houden ons dan ook aan de privacywet. Dit betekent dat uw gegevens veilig zijn bij ons en dat wij ze altijd netjes gebruiken. In deze privacyverklaring leggen we uit wat we [&hellip;]<\/p>\n","protected":false},"author":1,"featured_media":0,"parent":0,"menu_order":0,"comment_status":"closed","ping_status":"closed","template":"","meta":{"iawp_total_views":80,"footnotes":""},"class_list":["post-162","page","type-page","status-publish","hentry"],"_links":{"self":[{"href":"https:\/\/impression.nl\/it\/wp-json\/wp\/v2\/pages\/162","targetHints":{"allow":["GET"]}}],"collection":[{"href":"https:\/\/impression.nl\/it\/wp-json\/wp\/v2\/pages"}],"about":[{"href":"https:\/\/impression.nl\/it\/wp-json\/wp\/v2\/types\/page"}],"author":[{"embeddable":true,"href":"https:\/\/impression.nl\/it\/wp-json\/wp\/v2\/users\/1"}],"replies":[{"embeddable":true,"href":"https:\/\/impression.nl\/it\/wp-json\/wp\/v2\/comments?post=162"}],"version-history":[{"count":0,"href":"https:\/\/impression.nl\/it\/wp-json\/wp\/v2\/pages\/162\/revisions"}],"wp:attachment":[{"href":"https:\/\/impression.nl\/it\/wp-json\/wp\/v2\/media?parent=162"}],"curies":[{"name":"wp","href":"https:\/\/api.w.org\/{rel}","templated":true}]}}