{"id":163,"date":"2018-06-14T13:35:23","date_gmt":"2018-06-14T13:35:23","guid":{"rendered":"http:\/\/impression.playground.impression.nl\/?page_id=163"},"modified":"2025-06-02T14:44:40","modified_gmt":"2025-06-02T12:44:40","slug":"accordo-con-il-trasformatore","status":"publish","type":"page","link":"https:\/\/impression.nl\/it\/verwerkersovereenkomst\/","title":{"rendered":"Accordo con il processore"},"content":{"rendered":"<div data-elementor-type=\"wp-post\" data-elementor-id=\"163\" class=\"elementor elementor-163\" data-elementor-post-type=\"page\">\n\t\t\t\t<div class=\"elementor-element elementor-element-0f7aabb section-l section-narrow e-flex e-con-boxed e-con e-parent\" data-id=\"0f7aabb\" data-element_type=\"container\" data-e-type=\"container\">\n\t\t\t\t\t<div class=\"e-con-inner\">\n\t\t<div class=\"elementor-element elementor-element-b91dd2b e-con-full e-flex e-con e-child\" data-id=\"b91dd2b\" data-element_type=\"container\" data-e-type=\"container\">\n\t\t\t\t<div class=\"elementor-element elementor-element-d8cfcad elementor-widget elementor-widget-heading\" data-id=\"d8cfcad\" data-element_type=\"widget\" data-e-type=\"widget\" data-widget_type=\"heading.default\">\n\t\t\t\t<div class=\"elementor-widget-container\">\n\t\t\t\t\t<h1 class=\"elementor-heading-title elementor-size-default\">accordo di elaborazione impression\u00ae creative design agency<\/h1>\t\t\t\t<\/div>\n\t\t\t\t<\/div>\n\t\t\t\t<div class=\"elementor-element elementor-element-98f3cb5 elementor-widget elementor-widget-text-editor\" data-id=\"98f3cb5\" data-element_type=\"widget\" data-e-type=\"widget\" data-widget_type=\"text-editor.default\">\n\t\t\t\t<div class=\"elementor-widget-container\">\n\t\t\t\t\t\t\t\t\t<h6><i>versione<\/i> 1.2<\/h6><h5>18<b>\u00a0Novembre 2022<\/b><\/h5><h3><b><i>parti:<\/i><\/b><\/h3><p>Il presente Accordo sul processore si applica a tutte le forme di trattamento dei dati personali <b>impression \u00ae | agenzia di design creativo.<\/b> con sede in Dyksterbuorren 33, 9036MR Menaam \u00e8 registrata presso la Camera di Commercio con il numero\u00a0<span style=\"font-family: Galano, rubrik-edge-new, sans-serif; text-align: center;\">75258900<\/span>\u00a0(di seguito \"<b>processore<\/b>&quot;) Si esibisce a beneficio dell&#039;altra parte a cui fornisce servizi (di seguito: Controller).<\/p><h3><b><i>tenendo conto che:<\/i><\/b><\/h3><ul><li>l&#039;accordo del processore \u00e8 stato concluso nel contesto della fornitura del servizio dal processore al controller, per l&#039;esecuzione del servizio del processore;<\/li><li>il servizio del Processore consiste nell&#039;invio di newsletter ai rapporti del Titolare del trattamento che \u00e8 stato istituito dal Titolare tramite la piattaforma online del Processore, nella gestione della base di dati del Titolare al fine di inviare tali newsletter e la raccolta di informazioni sul le azioni eseguite in relazione alla newsletter ricevuta;<\/li><li>Il Responsabile del trattamento \u00e8 considerato un Responsabile del trattamento ai sensi dell&#039;articolo 4, paragrafo 8 del Regolamento generale sulla protezione dei dati (di seguito: &quot;AVG&quot;);<\/li><li>Il responsabile del trattamento \u00e8 designato come responsabile del trattamento ai sensi dell&#039;articolo 4, paragrafo 7 dell&#039;AVG;<\/li><li>Il responsabile del trattamento per l&#039;esecuzione dei suoi servizi tratter\u00e0 i dati personali ai sensi dell&#039;articolo 4, paragrafo 1 del GDPR, per conto del responsabile del trattamento;<\/li><li>Il Processore \u00e8 pronto a rispettare gli obblighi in materia di sicurezza e altri aspetti di AVG e, fino al 25 maggio 2018, la Legge sulla protezione dei dati personali (di seguito: &quot;Wbp&quot;), nella misura in cui ci\u00f2 rientri nelle sue competenze;<\/li><li>il Wbp e l&#039;AVG impongono al Titolare del trattamento l&#039;obbligo di garantire che il Processore offra garanzie sufficienti in merito alle misure di sicurezza tecniche e organizzative in relazione al trattamento da eseguire;<\/li><li>inoltre, il Wbp e l&#039;AVG impongono al Titolare il dovere di monitorare il rispetto di tali misure;<\/li><li>Le parti, in parte alla luce del requisito di cui all&#039;articolo 28, paragrafo 3 dell&#039;AVG, desiderano registrare i propri diritti e doveri per iscritto attraverso il presente Accordo per il Processore (di seguito: &quot;Accordo per il Processore&quot;);<\/li><li>laddove nel presente Accordo sul Processore si faccia riferimento alle disposizioni di AVG, fino al 25 maggio 2018 si intendono le corrispondenti disposizioni del Wbp.<\/li><\/ul><h3><b><i>Hanno convenuto quanto segue:<\/i><\/b><\/h3><p><b>ARTICOLO 1. FINALIT\u00c0 DEL TRATTAMENTO<br \/><\/b><\/p><p>1 Il Processore si impegna a trattare i dati personali secondo le condizioni del presente Accordo sul Processore per conto del Titolare del trattamento. L&#039;elaborazione avverr\u00e0 solo nel contesto dell&#039;Accordo del Processore al fine di inviare newsletter al Titolare delle relazioni che il Titolare ha predisposto tramite la piattaforma online del Processore e di poter cos\u00ec anche gestire il file di relazione del Controllore per questa attivit\u00e0, incluso il raccogliere dati relativi alla ricezione delle newsletter da parte dei rapporti, a beneficio del Titolare del trattamento (inclusi, a titolo esemplificativo, i dati relativi all&#039;apertura delle newsletter e facendo clic sui collegamenti ipertestuali inclusi nelle newsletter), e per raggiungere tali scopi registrato con ulteriore approvazione.<\/p><p>1.2 I dati personali che vengono elaborati dal Processore nel contesto dei suoi servizi e le categorie di soggetti da cui provengono, sono inclusi nell&#039;Appendice 1. Il Processore non tratter\u00e0 i dati personali per scopi diversi da quelli stabiliti dal Titolare. Il responsabile del trattamento informer\u00e0 il Responsabile del trattamento delle finalit\u00e0 nella misura in cui queste non siano gi\u00e0 state menzionate nel presente Accordo del Processore.<\/p><p>1.3 Il responsabile del trattamento garantisce che manterr\u00e0 un registro delle operazioni di elaborazione regolate ai sensi del presente Accordo di elaborazione. Il responsabile del trattamento indennizza il Responsabile di tutti i reclami e i reclami relativi alla non conformit\u00e0 o all&#039;errato rispetto dell&#039;obbligo di registrazione.<\/p><p><b>ARTICOLO 2. OBBLIGHI DEL PROCESSORE<br \/><\/b><\/p><p>2.1 Per quanto riguarda le operazioni di trattamento di cui all&#039;articolo 1, il Processore assicurer\u00e0 il rispetto delle condizioni che, ai sensi del Wbp e dell&#039;AVG, sono stabilite per il trattamento dei dati personali da parte del Processore dal suo ruolo.<\/p><p>2.2 Il Responsabile del trattamento, su sua richiesta e entro un termine ragionevole, informer\u00e0 il Titolare del trattamento delle misure adottate in relazione ai suoi obblighi ai sensi del presente Accordo sul Processore.<\/p><p>2.3 Gli obblighi del Processore che derivano dal presente Accordo sul Processore si applicano anche a coloro che trattano i dati personali sotto l&#039;autorit\u00e0 del Processore.<\/p><p>2.4 Il trattamento dei dati personali da parte del Processore non comporter\u00e0 mai l&#039;arricchimento dei database del Processore con i dati delle serie di dati del Processore, a meno che non riguardino i dati in forma aggregata e non tracciabile. In tal caso, il Processore \u00e8 autorizzato a utilizzare questi dati per altri scopi.<\/p><p><b>ARTICOLO 3. TRASFERIMENTO DEI DATI PERSONALI<br \/><\/b><\/p><p>3.1 Il Responsabile del trattamento elaborer\u00e0 i dati personali solo in paesi all&#039;interno dello Spazio economico europeo (SEE).<\/p><p><b>ARTICOLO 4. RIPARTIZIONE DELLA RESPONSABILIT\u00c0<br \/><\/b><\/p><p>4.1 L&#039;elaborazione consentita verr\u00e0 eseguita dal Processore in un ambiente semi-automatizzato.<\/p><p>4.2 Il Processore \u00e8 il solo responsabile del trattamento dei dati personali ai sensi del presente Accordo sul Processore, in conformit\u00e0 con le istruzioni del Titolare e sotto la responsabilit\u00e0 espressa (finale) del Titolare. Per tutti gli altri trattamenti di dati personali, incluso in ogni caso ma non limitato alla raccolta dei dati personali da parte del Titolare, l&#039;elaborazione per scopi che non sono stati segnalati dal Titolare al Processore, l&#039;elaborazione da parte di terzi e \/ o per altri scopi, il Processore non \u00e8 responsabile. La responsabilit\u00e0 di queste operazioni di elaborazione spetta esclusivamente al responsabile del trattamento.<b> <\/b><\/p><p>4.3 Il responsabile del trattamento garantisce che i dati personali come descritto nell&#039;appendice 1 nella &quot;CATEGORIA B: Rapporti (parti interessate) del responsabile del trattamento&quot; possano essere forniti dal responsabile del trattamento e che il Responsabile del trattamento possa elaborarli nel suo ordine.<\/p><p>4.4 Il responsabile del trattamento garantisce che la base giuridica richiesta come il consenso, come indicato, ma non limitato a, l&#039;AVG e la legge sulle telecomunicazioni, \u00e8 presente per le finalit\u00e0 di cui all&#039;articolo 1.1.<\/p><p>4.5 Il responsabile del trattamento garantisce che il contenuto, l&#039;uso e le istruzioni per il trattamento dei dati personali di cui al presente Accordo di elaborazione non sono illeciti e non viola alcun diritto di terzi e che tutte le garanzie aggiuntive che sono state soddisfatte si applicano al trattamento di dati personali speciali, come previsto dalle leggi e dai regolamenti pertinenti. Il responsabile del trattamento indennizza il Processore contro tutti i reclami e i reclami relativi a questo.<\/p><p><b>ARTICOLO 5. COINVOLGIMENTO DI TERZI O SUBAPPALTATORI<br \/><\/b><\/p><p>5.1 Il responsabile del trattamento, con la presente, autorizza il Processore a utilizzare una terza parte per elaborare i dati personali, in base al presente Accordo del Processore, nel rispetto della normativa sulla privacy applicabile.<\/p><p>5.2 Su richiesta del Titolare, il Responsabile informer\u00e0 il Titolare quanto prima sulle terze parti che ha assunto. Il responsabile del trattamento ha il diritto di opporsi a qualsiasi terza parte coinvolta dal Processore. Se il responsabile del trattamento ha un&#039;obiezione nei confronti di terzi incaricati dal Responsabile del trattamento, le Parti si consulteranno per trovare una soluzione.<\/p><p>5.3 Il Responsabile del trattamento dovr\u00e0 in ogni caso assicurarsi che tali soggetti terzi assumano per iscritto gli stessi obblighi concordati tra il Titolare e il Responsabile in relazione al trattamento dei dati personali. Il Responsabile del trattamento \u00e8 responsabile del corretto rispetto di tali obblighi da parte di questi terzi e, in caso di errori da parte di questi terzi, \u00e8 responsabile nei confronti della persona responsabile del trattamento del danno come se avesse commesso l&#039;errore (i) stesso.<\/p><p><b>ARTICOLO 6. SICUREZZA<br \/><\/b><\/p><p>6.1 Il responsabile del trattamento si impegna ad adottare le misure tecniche e organizzative appropriate in relazione al trattamento dei dati personali, contro la perdita o contro qualsiasi forma di trattamento illecito (come accesso non autorizzato, violazione, alterazione o fornitura di dati personali). Il processore funziona principalmente in conformit\u00e0 con ISO 27001 e lavora per ottenere la certificazione.<\/p><p>6.2 Il responsabile del trattamento si impegna a garantire che la sicurezza soddisfi un livello non irragionevole in considerazione dello stato della tecnologia, della sensibilit\u00e0 dei dati personali e dei costi associati all&#039;assunzione della sicurezza.<\/p><p>6.3 Nonostante il Processore debba adottare adeguate misure di sicurezza in conformit\u00e0 con il primo paragrafo di questo articolo, il Processore non pu\u00f2 garantire pienamente che la sicurezza sia efficace in tutte le circostanze. Tuttavia, in caso di minaccia o effettiva violazione di queste misure di sicurezza, il responsabile del trattamento far\u00e0 tutto ci\u00f2 che \u00e8 ragionevolmente possibile per limitare il pi\u00f9 possibile la perdita di dati personali.<\/p><p>6.4 Il responsabile del trattamento mette i dati personali a disposizione del Responsabile del trattamento solo se si \u00e8 assicurato che siano state prese le misure di sicurezza richieste. Il responsabile del trattamento \u00e8 responsabile del rispetto delle misure concordate dalle parti.<\/p><p><b>ARTICOLO 7. DOVERE DELLA RELAZIONE<br \/><\/b><\/p><p>7.1 Nel caso di una violazione della sicurezza e \/ o di una violazione dei dati (che si intende significare: una violazione della sicurezza che porta accidentalmente o illegalmente alla distruzione, perdita, alterazione o fornitura non autorizzata o accesso non autorizzato a inoltrato (dati memorizzati o altrimenti trattati), il Responsabile del trattamento, al meglio delle sue possibilit\u00e0, si impegna a informare il Titolare immediatamente o al pi\u00f9 tardi entro quarantotto (48) ore, in base alle quali il Titolare valuta se informer\u00e0 le autorit\u00e0 di controllo e \/ o gli interessati o meno. Il processore compie ogni sforzo per rendere le informazioni fornite complete, corrette e accurate. L&#039;obbligo di segnalazione si applica indipendentemente dall&#039;impatto della perdita.<\/p><p>7.2 L&#039;obbligo di segnalazione comprende almeno la segnalazione di una perdita, nonch\u00e9:<\/p><ul><li>la data in cui si \u00e8 verificata la perdita (se non si conosce una data esatta: il periodo entro il quale si \u00e8 verificata la perdita);<\/li><li>qual \u00e8 la (presunta) causa della perdita;<\/li><li>la data e l&#039;ora in cui la perdita \u00e8 diventata nota al Processore o a una terza parte o subappaltatore da lui incaricato;<\/li><li>il numero di persone i cui dati sono stati divulgati (se non \u00e8 noto alcun numero esatto: il numero minimo e massimo di persone i cui dati sono stati divulgati);<\/li><li>una descrizione del gruppo di persone i cui dati sono stati divulgati, incluso il tipo o i tipi di dati personali che sono stati divulgati;<\/li><li>se i dati sono crittografati, sottoposti a hash o altrimenti resi incomprensibili o inaccessibili a persone non autorizzate;<\/li><li>quali sono le misure previste e \/ o gi\u00e0 adottate per chiudere la perdita e limitare le conseguenze della perdita;<\/li><li>dati di contatto per il seguito del rapporto.<\/li><\/ul><p>7.3 Il responsabile del trattamento garantir\u00e0 il rispetto di eventuali obblighi (legali) di segnalazione. Se richiesto dalla legge e \/ o dai regolamenti, il Processore collaborer\u00e0 per informare le autorit\u00e0 competenti e \/ o le parti interessate.<\/p><p><b>ARTICOLO 8. DIRITTI DELLE PARTI INTERESSATE<br \/><\/b><\/p><p>8.1 Nel caso in cui l&#039;interessato presenti una richiesta al Responsabile del trattamento dei suoi diritti legali, il Responsabile inoltrer\u00e0 la richiesta al Responsabile e ne informer\u00e0 l&#039;interessato. Il controller elaborer\u00e0 quindi ulteriormente la richiesta in modo indipendente.<\/p><p>8.2 Nel caso in cui l&#039;interessato presenti una richiesta per l&#039;esercizio di uno dei suoi diritti legali al Titolare del Trattamento, il Responsabile del Trattamento, se il Titolare del Trattamento lo richiede, cooperer\u00e0 nella misura in cui ci\u00f2 sia possibile e ragionevole. Il processore pu\u00f2 addebitare costi ragionevoli per questo al controller.<\/p><p><b>ARTICOLO 9. OBBLIGO DI RISERVATEZZA<br \/><\/b><\/p><p>9.1<b> <\/b>Tutti i dati personali che il Processore riceve dal Titolare e \/ o si raccolgono nel contesto del presente Accordo sul Processore sono soggetti a un obbligo di riservatezza nei confronti di terzi. Il responsabile del trattamento non deve utilizzare queste informazioni per scopi diversi da quelli per i quali sono state ottenute, a meno che non siano state presentate in una forma tale da non poter essere ricondotte agli interessati.<\/p><p>9.2<b> <\/b>Questo obbligo di riservatezza non si applica nella misura in cui il Titolare abbia concesso esplicitamente l&#039;autorizzazione a fornire le informazioni a terzi, se le informazioni a terzi sono logicamente necessarie in considerazione della natura dell&#039;incarico assegnato e dell&#039;attuazione del presente Accordo del Processore, o se esiste un esiste l&#039;obbligo legale di fornire le informazioni a terzi.<\/p><p><b>ARTICOLO 10. CONTROLLO<br \/><\/b><\/p><p>10.1 Il responsabile del trattamento ha il diritto di far eseguire audit da un esperto IT indipendente che \u00e8 tenuto alla riservatezza per verificare la conformit\u00e0 a tutti i punti del presente Accordo sul Processore.<\/p><p>10.2 Questo controllo ha luogo solo dopo che il Titolare ha richiesto i rapporti di controllo simili presenti nel Processore, valutato e fornito argomentazioni ragionevoli che giustificano un controllo avviato dal Controllore. Tale audit \u00e8 giustificato se i report di audit simili presenti nel Processore non forniscono informazioni sufficienti o conclusive sulla conformit\u00e0 del Processore al presente Accordo sul Processore. L&#039;audit avviato dal controllore viene effettuato due settimane dopo l&#039;annuncio precedente da parte del controllore e non pi\u00f9 di una volta all&#039;anno.<\/p><p>10.3 Il Responsabile del trattamento collaborer\u00e0 con l&#039;audit e render\u00e0 tutte le informazioni ragionevolmente rilevanti per l&#039;audit, compresi i dati di supporto come i registri di sistema e i dipendenti disponibili il prima possibile e entro un termine ragionevole, per cui un periodo di non pi\u00f9 di due settimane \u00e8 ragionevole. Il responsabile del trattamento assicurer\u00e0 che l&#039;audit causi il minor effetto perturbatore possibile sulle altre attivit\u00e0 del Processore.<\/p><p>10.4 I risultati risultanti dall&#039;audit saranno valutati dalle Parti in consultazione reciproca e, di conseguenza, potranno o meno essere attuati da una delle Parti o da entrambe le Parti congiuntamente.<\/p><p>10.5 I costi ragionevoli per l&#039;audit sono a carico del Titolare, fermo restando che i costi per i terzi da assumere saranno sempre a carico del Titolare.<\/p><p><b>ARTICOLO 11. RESPONSABILIT\u00c0<br \/><\/b><\/p><p>11.1 La responsabilit\u00e0 del Processore per danni derivanti da un imputabile mancato rispetto dell&#039;Accordo del Processore \u00e8 limitata per evento (una serie di eventi consecutivi costituiti da un solo evento) al risarcimento del danno diretto, fino a un massimo dell&#039;importo ricevuto dal Processore. per i lavori previsti dal presente Accordo sul Processore per il mese precedente l&#039;evento che ha causato il danno.<\/p><p>11.2 Per danno diretto si intende esclusivamente il danno costituito da:<\/p><ul><li>danno direttamente causato a cose materiali (&quot;danno alla propriet\u00e0&quot;);<\/li><li>costi ragionevoli e dimostrabili per sollecitare il Processore a (correttamente) rispettare l&#039;Accordo del Processore;<\/li><li>costi ragionevoli per determinare la causa e l&#039;entit\u00e0 del danno nella misura in cui si riferisce al danno diretto di cui al presente documento;<\/li><li>costi ragionevoli e dimostrabili sostenuti dal Titolare per prevenire o limitare il danno diretto di cui al presente articolo.<\/li><\/ul><p>11.3 \u00c8 esclusa la responsabilit\u00e0 del Processore per danni indiretti. Per danno indiretto si intende tutto il danno che non \u00e8 un danno diretto.<\/p><p>11.4 Le esclusioni e le limitazioni di cui al presente articolo decadranno se e nella misura in cui il danno \u00e8 il risultato di dolo o incoscienza intenzionale da parte del Processore o della sua gestione.<\/p><p>11.5 A meno che l&#039;adempimento da parte del Processore non sia permanentemente impossibile, la responsabilit\u00e0 del Processore per carenze imputabili nell&#039;adempimento sorge solo se la Persona Responsabile del Trattamento d\u00e0 immediatamente al Processore un avviso scritto di inadempienza, per cui viene fissato un periodo ragionevole per rimediare al difetto e il Processore anche dopo tale periodo imputabilmente non riesce a soddisfare i suoi obblighi. L&#039;avviso di inadempienza deve contenere una descrizione del difetto il pi\u00f9 completa e dettagliata possibile, in modo che al Processore sia data la possibilit\u00e0 di rispondere adeguatamente.<\/p><p>11.6 Qualsiasi richiesta di risarcimento da parte del Titolare del trattamento nei confronti del Processore che non sia stata specificata e dichiarata esplicitamente decadr\u00e0 entro il termine di dodici (12) mesi dopo la presentazione della richiesta.<\/p><p>11.7 Il Responsabile del trattamento non \u00e8 espressamente responsabile per danni al Titolare del trattamento a seguito di un&#039;ammenda inflitta da uno dei supervisori nazionali, inclusa l&#039;autorit\u00e0 olandese per la protezione dei dati, anche nel contesto degli obblighi legali di segnalazione. Ci\u00f2, a meno che l&#039;ammenda non sia stata imposta al Titolare a seguito di un difetto imputabile alla conformit\u00e0 del processore all&#039;Accordo sul Processore, e il Controllore e il Processore hanno fatto tutto il possibile per prevenire o ridurre la sanzione.<\/p><p><b>ARTICOLO 12. DURATA E RISOLUZIONE<br \/><\/b><\/p><p>12.1 Il presente Accordo per il Processore \u00e8 stato stipulato per la durata della collaborazione.<\/p><p>12.2 L&#039;accordo del processore non pu\u00f2 essere risolto nel frattempo.<\/p><p>12.3 Le Parti possono modificare il presente Accordo sul Processore solo con mutuo consenso<br \/>consenso scritto.<b> <\/b><\/p><p>12.4 Dopo la risoluzione del Contratto del Processore, il Processore distrugger\u00e0 immediatamente i dati personali ricevuti dal Titolare, salvo diverso accordo tra le parti.<\/p><p><b>ARTICOLO 13. ALTRE DISPOSIZIONI<br \/><\/b><\/p><p>13.1 Il Contratto di elaborazione e la sua attuazione sono regolati dalla legge olandese.<b> <\/b><\/p><p>13.2 Tutte le controversie che possono insorgere tra le Parti in relazione all&#039;Accordo sul Processore, saranno sottoposte al tribunale competente nel distretto del tribunale in cui \u00e8 stabilito il Processore.<\/p><p>13.3 Se una o pi\u00f9 disposizioni dell&#039;Accordo del Processore si dimostrano non legalmente valide, l&#039;Accordo del Processore rimarr\u00e0 in vigore per il resto. Le parti si consultano quindi sulle disposizioni che non sono legalmente valide, al fine di stipulare un accordo di sostituzione che sia legalmente valido e per quanto possibile in linea con l&#039;ambito di applicazione del regolamento da sostituire.<\/p><p>13.4 In caso di modifica della normativa sulla privacy, le parti collaboreranno all&#039;adeguamento del presente Accordo per il Processore al fine di poter (continuare a) conformarsi a tale legislazione.<\/p><p>13.5 In caso di conflitto tra vari documenti o loro appendici, si applica il seguente ordine di priorit\u00e0:<\/p><ol><li style=\"list-style-type: none;\"><ol><li style=\"list-style-type: none;\"><ol><li style=\"list-style-type: none;\"><ol><li>questo Accordo per il Processore;<\/li><li>le condizioni generali di trattamento;<\/li><li>eventuali condizioni aggiuntive.<\/li><\/ol><\/li><\/ol><\/li><\/ol><\/li><\/ol><p><b>Appendice 1: Specifiche dei dati personali e degli interessati<\/b><\/p><p><b>Informazioni personali<\/b><\/p><p>Al fine di fornire i propri servizi per conto del Responsabile del trattamento, il Processore elaborer\u00e0 i seguenti dati personali del Responsabile del trattamento stesso e delle relazioni (parti coinvolte) che saranno determinati dal Responsabile del trattamento:<\/p><p><b>Categoria A: Titolare del trattamento (servizio clienti):<\/b><\/p><ul><li>nome (societ\u00e0);<\/li><li>Nome e indirizzo;<\/li><li>indirizzo email;<\/li><li>il sesso;<\/li><li>dettagli di accesso.<\/li><\/ul><p><b>CATEGORIA B: Rapporti (parti interessate) del Titolare:<\/b><\/p><ul><li>nome (societ\u00e0);<\/li><li>indirizzo email;<\/li><li>Nome e indirizzo;<\/li><li>il sesso;<\/li><li>i dati relativi alla ricezione delle newsletter da parte delle relazioni (inclusi, ma non solo, i dati sull&#039;apertura delle newsletter e sul clic sui collegamenti ipertestuali inclusi nelle newsletter).<\/li><\/ul><p>Il responsabile del trattamento garantisce che saranno forniti solo i dati personali necessari per il Processore.<\/p>\t\t\t\t\t\t\t\t<\/div>\n\t\t\t\t<\/div>\n\t\t\t\t<\/div>\n\t\t\t\t\t<\/div>\n\t\t\t\t<\/div>\n\t\t\t\t<\/div>","protected":false},"excerpt":{"rendered":"<p>verwerkersovereenkomst impression \u00ae creative design agency Versie 1.2 18\u00a0november 2022 Partijen: Deze Verwerkersovereenkomst is van toepassing op alle vormen van verwerking van persoonsgegevens die impression \u00ae | creative design agency. gevestigd aan Dyksterbuorren 33, 9036MR Menaam ingeschreven bij de Kamer van Koophandel onder nummer\u00a075258900\u00a0(hierna: \u201cVerwerker\u201d) uitvoert ten behoeve van de wederpartij aan wie zij diensten [&hellip;]<\/p>\n","protected":false},"author":1,"featured_media":0,"parent":0,"menu_order":0,"comment_status":"closed","ping_status":"closed","template":"","meta":{"iawp_total_views":42,"footnotes":""},"class_list":["post-163","page","type-page","status-publish","hentry"],"_links":{"self":[{"href":"https:\/\/impression.nl\/it\/wp-json\/wp\/v2\/pages\/163","targetHints":{"allow":["GET"]}}],"collection":[{"href":"https:\/\/impression.nl\/it\/wp-json\/wp\/v2\/pages"}],"about":[{"href":"https:\/\/impression.nl\/it\/wp-json\/wp\/v2\/types\/page"}],"author":[{"embeddable":true,"href":"https:\/\/impression.nl\/it\/wp-json\/wp\/v2\/users\/1"}],"replies":[{"embeddable":true,"href":"https:\/\/impression.nl\/it\/wp-json\/wp\/v2\/comments?post=163"}],"version-history":[{"count":0,"href":"https:\/\/impression.nl\/it\/wp-json\/wp\/v2\/pages\/163\/revisions"}],"wp:attachment":[{"href":"https:\/\/impression.nl\/it\/wp-json\/wp\/v2\/media?parent=163"}],"curies":[{"name":"wp","href":"https:\/\/api.w.org\/{rel}","templated":true}]}}